{"id":5266,"date":"2021-07-18T08:03:35","date_gmt":"2021-07-18T08:03:35","guid":{"rendered":"https:\/\/nuss.uxper.co\/luxury-resort\/?page_id=5266"},"modified":"2025-11-20T06:20:36","modified_gmt":"2025-11-20T06:20:36","slug":"uber-uns","status":"publish","type":"page","link":"https:\/\/shanghaihaichangoceanpark.com\/de\/uber-uns\/","title":{"rendered":"\u00dcber uns"},"content":{"rendered":"<div data-elementor-type=\"wp-page\" data-elementor-id=\"5266\" class=\"elementor elementor-5266\">\n\t\t\t\t\t\t<section class=\"elementor-section elementor-top-section elementor-element elementor-element-10416953 elementor-section-boxed elementor-section-gap-beside-yes elementor-section-height-default elementor-section-height-default elementor-section-column-vertical-align-stretch\" data-id=\"10416953\" data-element_type=\"section\" data-e-type=\"section\">\n\t\t\t\t\t\t<div class=\"elementor-container elementor-column-gap-extended\">\n\t\t\t\t\t<div class=\"elementor-column elementor-col-100 elementor-top-column elementor-element elementor-element-29c6aa8\" data-id=\"29c6aa8\" data-element_type=\"column\" data-e-type=\"column\">\n\t\t\t<div class=\"elementor-widget-wrap elementor-element-populated\">\n\t\t\t\t\t\t<div class=\"elementor-element elementor-element-7be18fe7 elementor-widget__width-initial elementor-invisible elementor-widget elementor-widget-text-editor\" data-id=\"7be18fe7\" data-element_type=\"widget\" data-e-type=\"widget\" data-settings=\"{&quot;_animation&quot;:&quot;nussFadeInUp&quot;}\" data-widget_type=\"text-editor.default\">\n\t\t\t\t\t\t\t\t\t<div class=\"svelte-1c06zsf\" data-lang-code=\"\"><p><strong data-spm-anchor-id=\"a2ty_o01.29997173.0.i35.42e3c921a4NjKe\">Tauchen Sie ein in ein Familienabenteuer im Shanghai Haichang Ocean Park Resort Hotel \u2013 Ihr Tor zur Unterwassermagie<\/strong><\/p><\/div>\t\t\t\t\t\t\t\t<\/div>\n\t\t\t\t\t<\/div>\n\t\t<\/div>\n\t\t\t\t\t<\/div>\n\t\t<\/section>\n\t\t\t\t<section class=\"elementor-section elementor-top-section elementor-element elementor-element-7d18327f elementor-section-boxed elementor-section-gap-beside-yes elementor-section-height-default elementor-section-height-default elementor-section-column-vertical-align-stretch\" data-id=\"7d18327f\" data-element_type=\"section\" data-e-type=\"section\">\n\t\t\t\t\t\t<div class=\"elementor-container elementor-column-gap-extended\">\n\t\t\t\t\t<div class=\"elementor-column elementor-col-50 elementor-top-column elementor-element elementor-element-56533670\" data-id=\"56533670\" data-element_type=\"column\" data-e-type=\"column\">\n\t\t\t<div class=\"elementor-widget-wrap elementor-element-populated\">\n\t\t\t\t\t\t<div class=\"elementor-element elementor-element-19c3f543 elementor-drop-cap-yes elementor-drop-cap-view-default elementor-invisible elementor-widget elementor-widget-text-editor\" data-id=\"19c3f543\" data-element_type=\"widget\" data-e-type=\"widget\" data-settings=\"{&quot;_animation&quot;:&quot;nussFadeInUp&quot;,&quot;drop_cap&quot;:&quot;yes&quot;}\" data-widget_type=\"text-editor.default\">\n\t\t\t\t\t\t\t\t\t<p>Nur wenige Schritte von den aufregenden Toren des Shanghai Haichang Ocean Parks entfernt, <strong>Shanghai Haichang Ocean Park Resort Hotel<\/strong> Dieses 4-Sterne-Resort in der Qiqing Road 777 im Stadtteil Pudong bietet mehr als nur eine Unterkunft \u2013 es ist ein einzigartiges Erlebnis im maritimen Stil, ideal f\u00fcr Familien, die unvergessliche Erinnerungen schaffen m\u00f6chten. Die Lage ist perfekt f\u00fcr G\u00e4ste, die ihren Parkbesuch mit komfortablen Unterk\u00fcnften und durchdachten Annehmlichkeiten f\u00fcr Reisende jeden Alters optimal genie\u00dfen m\u00f6chten.<\/p>\t\t\t\t\t\t\t\t<\/div>\n\t\t\t\t\t<\/div>\n\t\t<\/div>\n\t\t\t\t<div class=\"elementor-column elementor-col-50 elementor-top-column elementor-element elementor-element-30f14127\" data-id=\"30f14127\" data-element_type=\"column\" data-e-type=\"column\">\n\t\t\t<div class=\"elementor-widget-wrap elementor-element-populated\">\n\t\t\t\t\t\t<div class=\"elementor-element elementor-element-59aea08 elementor-widget elementor-widget-image\" data-id=\"59aea08\" data-element_type=\"widget\" data-e-type=\"widget\" data-widget_type=\"image.default\">\n\t\t\t\t\t\t\t\t\t\t\t\t\t\t\t<img fetchpriority=\"high\" decoding=\"async\" width=\"800\" height=\"533\" src=\"https:\/\/shanghaihaichangoceanpark.com\/wp-content\/uploads\/2025\/11\/front.jpg\" class=\"attachment-large size-large wp-image-7197\" alt=\"\" srcset=\"https:\/\/shanghaihaichangoceanpark.com\/wp-content\/uploads\/2025\/11\/front.jpg 800w, https:\/\/shanghaihaichangoceanpark.com\/wp-content\/uploads\/2025\/11\/front-300x200.jpg 300w, https:\/\/shanghaihaichangoceanpark.com\/wp-content\/uploads\/2025\/11\/front-768x512.jpg 768w, https:\/\/shanghaihaichangoceanpark.com\/wp-content\/uploads\/2025\/11\/front-18x12.jpg 18w\" sizes=\"(max-width: 800px) 100vw, 800px\" \/>\t\t\t\t\t\t\t\t\t\t\t\t\t\t\t<\/div>\n\t\t\t\t\t<\/div>\n\t\t<\/div>\n\t\t\t\t\t<\/div>\n\t\t<\/section>\n\t\t\t\t<section class=\"elementor-section elementor-top-section elementor-element elementor-element-29fb8578 elementor-section-height-min-height elementor-section-stretched elementor-section-full_width elementor-section-items-stretch elementor-section-height-default elementor-section-column-vertical-align-stretch\" data-id=\"29fb8578\" data-element_type=\"section\" data-e-type=\"section\" data-settings=\"{&quot;stretch_section&quot;:&quot;section-stretched&quot;}\">\n\t\t\t\t\t\t<div class=\"elementor-container elementor-column-gap-no\">\n\t\t\t\t\t<div class=\"elementor-column elementor-col-50 elementor-top-column elementor-element elementor-element-40ac270b\" data-id=\"40ac270b\" data-element_type=\"column\" data-e-type=\"column\">\n\t\t\t<div class=\"elementor-widget-wrap elementor-element-populated\">\n\t\t\t\t\t\t<div class=\"elementor-element elementor-element-20872773 elementor-widget__width-initial elementor-widget-mobile__width-inherit elementor-invisible nuss-elementor-loading nuss-slide-in-right elementor-widget elementor-widget-image\" data-id=\"20872773\" data-element_type=\"widget\" data-e-type=\"widget\" data-settings=\"{&quot;_animation&quot;:&quot;nussSlideInRight&quot;}\" data-widget_type=\"image.default\">\n\t\t\t\t\t\t\t\t\t\t\t\t\t\t\t<img decoding=\"async\" width=\"1280\" height=\"800\" src=\"https:\/\/shanghaihaichangoceanpark.com\/wp-content\/uploads\/2025\/11\/Shanghai-Haichang-Ocean-Park-Resort-Hotel-141.webp\" class=\"attachment-full size-full wp-image-7356\" alt=\"\" srcset=\"https:\/\/shanghaihaichangoceanpark.com\/wp-content\/uploads\/2025\/11\/Shanghai-Haichang-Ocean-Park-Resort-Hotel-141.webp 1280w, https:\/\/shanghaihaichangoceanpark.com\/wp-content\/uploads\/2025\/11\/Shanghai-Haichang-Ocean-Park-Resort-Hotel-141-300x188.webp 300w, https:\/\/shanghaihaichangoceanpark.com\/wp-content\/uploads\/2025\/11\/Shanghai-Haichang-Ocean-Park-Resort-Hotel-141-1024x640.webp 1024w, https:\/\/shanghaihaichangoceanpark.com\/wp-content\/uploads\/2025\/11\/Shanghai-Haichang-Ocean-Park-Resort-Hotel-141-768x480.webp 768w, https:\/\/shanghaihaichangoceanpark.com\/wp-content\/uploads\/2025\/11\/Shanghai-Haichang-Ocean-Park-Resort-Hotel-141-18x12.webp 18w\" sizes=\"(max-width: 1280px) 100vw, 1280px\" \/>\t\t\t\t\t\t\t\t\t\t\t\t\t\t\t<\/div>\n\t\t\t\t\t<\/div>\n\t\t<\/div>\n\t\t\t\t<div class=\"elementor-column elementor-col-50 elementor-top-column elementor-element elementor-element-2dac103\" data-id=\"2dac103\" data-element_type=\"column\" data-e-type=\"column\">\n\t\t\t<div class=\"elementor-widget-wrap elementor-element-populated\">\n\t\t\t\t\t\t<div class=\"elementor-element elementor-element-6f1b8966 elementor-invisible elementor-widget elementor-widget-text-editor\" data-id=\"6f1b8966\" data-element_type=\"widget\" data-e-type=\"widget\" data-settings=\"{&quot;_animation&quot;:&quot;nussFadeInUp&quot;}\" data-widget_type=\"text-editor.default\">\n\t\t\t\t\t\t\t\t\t<p data-spm-anchor-id=\"a2ty_o01.29997173.0.i38.42e3c921a4NjKe\">Schon bei Ihrer Ankunft werden Sie den Zauber sp\u00fcren. Das lebendige, vom Meer inspirierte Design des Hotels schafft die perfekte Atmosph\u00e4re f\u00fcr einen unvergesslichen Urlaub \u2013 denken Sie an Suiten im Pinguin-Stil, Meerjungfrauen-Motive und haif\u00f6rmige Etagenbetten, die Kinder begeistern und bei Erwachsenen nostalgische Gef\u00fchle wecken. Mit \u00fcber 300 individuell gestalteten Zimmern \u2013 darunter familienfreundliche Optionen wie das \u201cShark Baby Twin Room\u201d und die ger\u00e4umige \u201cParadise Scenic Suite\u201d \u2013 wird jeder Aufenthalt zu einem besonderen Erlebnis. Die Zimmer sind liebevoll ausgestattet mit Kinderbadem\u00e4nteln, Hausschuhen, Zahnb\u00fcrsten, Sicherheitsgittern am Bett (auf Anfrage) und sogar Tritthockern, damit sich kleine Entdecker rundum wohlf\u00fchlen.<\/p><div class=\"my-2\">\u00a0<\/div><p data-spm-anchor-id=\"a2ty_o01.29997173.0.i39.42e3c921a4NjKe\">Neben den komfortablen Zimmern besticht das Hotel durch seinen familienfreundlichen Service. Dank einer separaten Spur gelangen Sie schnell und unkompliziert in den angrenzenden Meerespark \u2013 so sparen Sie wertvolle Zeit und k\u00f6nnen mehr Zeit auf der Achterbahn \u201eDolphin Roller Coaster\u201c oder bei den spektakul\u00e4ren Orca-Shows verbringen. Beginnen Sie Ihren Tag mit einem reichhaltigen Fr\u00fchst\u00fccksbuffet im Polar Restaurant, das sowohl chinesische als auch westliche Spezialit\u00e4ten bietet, oder holen Sie sich vor Ihrem Ausflug noch schnell einen Kaffee. Ben\u00f6tigen Sie Hilfe bei der Planung Ihres Parkbesuchs? Unser freundliches, mehrsprachiges Personal und der Concierge-Service stehen Ihnen rund um die Uhr zur Verf\u00fcgung und unterst\u00fctzen Sie bei allem, vom Gep\u00e4cktransport bis zur Taxibuchung.<\/p>\t\t\t\t\t\t\t\t<\/div>\n\t\t\t\t\t<\/div>\n\t\t<\/div>\n\t\t\t\t\t<\/div>\n\t\t<\/section>\n\t\t\t\t<section class=\"elementor-section elementor-top-section elementor-element elementor-element-d5c6aca elementor-section-height-min-height elementor-section-stretched elementor-section-full_width elementor-section-items-stretch elementor-section-height-default elementor-section-column-vertical-align-stretch\" data-id=\"d5c6aca\" data-element_type=\"section\" data-e-type=\"section\" data-settings=\"{&quot;stretch_section&quot;:&quot;section-stretched&quot;}\">\n\t\t\t\t\t\t<div class=\"elementor-container elementor-column-gap-no\">\n\t\t\t\t\t<div class=\"elementor-column elementor-col-50 elementor-top-column elementor-element elementor-element-44efbbd\" data-id=\"44efbbd\" data-element_type=\"column\" data-e-type=\"column\">\n\t\t\t<div class=\"elementor-widget-wrap elementor-element-populated\">\n\t\t\t\t\t\t<div class=\"elementor-element elementor-element-5bea819 elementor-invisible elementor-widget elementor-widget-text-editor\" data-id=\"5bea819\" data-element_type=\"widget\" data-e-type=\"widget\" data-settings=\"{&quot;_animation&quot;:&quot;nussFadeInUp&quot;}\" data-widget_type=\"text-editor.default\">\n\t\t\t\t\t\t\t\t\t<p data-spm-anchor-id=\"a2ty_o01.29997173.0.i40.42e3c921a4NjKe\">Komfort wird gro\u00dfgeschrieben: Kostenlose Parkpl\u00e4tze direkt am Hotel, die nahegelegene Metrostation Lingang Avenue (nur 1,3 km entfernt) und die kurze 30-min\u00fctige Fahrt zum internationalen Flughafen Shanghai Pudong machen die Anreise unkompliziert. Das Hotel bietet zwar keinen Flughafentransfer an, aber seine zentrale Lage in der N\u00e4he wichtiger Sehensw\u00fcrdigkeiten \u2013 darunter die Pinguin-Auffangstation und der Vergn\u00fcgungspark Tongqu \u2013 macht es ideal f\u00fcr Erstbesucher und Stammg\u00e4ste gleicherma\u00dfen.<\/p><div class=\"my-2\">\u00a0<\/div><p>G\u00e4ste loben immer wieder die Sauberkeit des Hotels, den aufmerksamen Service und die kinderfreundlichen Einrichtungen wie den Spielplatz und die Wasserrutschen. Viele heben die attraktiven Kombiangebote mit Parktickets und Fr\u00fchst\u00fcck hervor, die das Hotel zu einer guten Wahl f\u00fcr preisbewusste Familien machen. Obwohl in einigen Bewertungen kleinere Instandhaltungsarbeiten erw\u00e4hnt werden, \u00fcberwiegt der positive Eindruck von Herzlichkeit, Spa\u00df und au\u00dfergew\u00f6hnlicher Gastfreundschaft.<\/p><div class=\"my-2\">\u00a0<\/div><p>Ob Sie einen Wochenendtrip, ein mehrt\u00e4giges Abenteuer im Park planen oder Ihrer Familie einfach etwas Besonderes g\u00f6nnen m\u00f6chten \u2013 das Shanghai Haichang Ocean Park Resort Hotel macht aus gew\u00f6hnlichen Reisen unvergessliche Erlebnisse. Buchen Sie noch heute Ihren Unterwasserurlaub und erleben Sie grenzenlosen Spa\u00df direkt vor Ihrer T\u00fcr.<\/p>\t\t\t\t\t\t\t\t<\/div>\n\t\t\t\t\t<\/div>\n\t\t<\/div>\n\t\t\t\t<div class=\"elementor-column elementor-col-50 elementor-top-column elementor-element elementor-element-291f919\" data-id=\"291f919\" data-element_type=\"column\" data-e-type=\"column\">\n\t\t\t<div class=\"elementor-widget-wrap elementor-element-populated\">\n\t\t\t\t\t\t<div class=\"elementor-element elementor-element-b9196b5 elementor-widget__width-initial elementor-widget-mobile__width-inherit elementor-invisible nuss-elementor-loading nuss-slide-in-right elementor-widget elementor-widget-image\" data-id=\"b9196b5\" data-element_type=\"widget\" data-e-type=\"widget\" data-settings=\"{&quot;_animation&quot;:&quot;nussSlideInRight&quot;}\" data-widget_type=\"image.default\">\n\t\t\t\t\t\t\t\t\t\t\t\t\t\t\t<img decoding=\"async\" width=\"1280\" height=\"853\" src=\"https:\/\/shanghaihaichangoceanpark.com\/wp-content\/uploads\/2025\/11\/Shanghai-Haichang-Ocean-Park-Resort-Hotel-146.webp\" class=\"attachment-full size-full wp-image-7361\" alt=\"\" srcset=\"https:\/\/shanghaihaichangoceanpark.com\/wp-content\/uploads\/2025\/11\/Shanghai-Haichang-Ocean-Park-Resort-Hotel-146.webp 1280w, https:\/\/shanghaihaichangoceanpark.com\/wp-content\/uploads\/2025\/11\/Shanghai-Haichang-Ocean-Park-Resort-Hotel-146-300x200.webp 300w, https:\/\/shanghaihaichangoceanpark.com\/wp-content\/uploads\/2025\/11\/Shanghai-Haichang-Ocean-Park-Resort-Hotel-146-1024x682.webp 1024w, https:\/\/shanghaihaichangoceanpark.com\/wp-content\/uploads\/2025\/11\/Shanghai-Haichang-Ocean-Park-Resort-Hotel-146-768x512.webp 768w, https:\/\/shanghaihaichangoceanpark.com\/wp-content\/uploads\/2025\/11\/Shanghai-Haichang-Ocean-Park-Resort-Hotel-146-18x12.webp 18w\" sizes=\"(max-width: 1280px) 100vw, 1280px\" \/>\t\t\t\t\t\t\t\t\t\t\t\t\t\t\t<\/div>\n\t\t\t\t\t<\/div>\n\t\t<\/div>\n\t\t\t\t\t<\/div>\n\t\t<\/section>\n\t\t\t\t<section class=\"elementor-section elementor-top-section elementor-element elementor-element-2092b7d0 elementor-section-stretched elementor-section-boxed elementor-section-gap-beside-yes elementor-section-height-default elementor-section-height-default elementor-section-column-vertical-align-stretch\" data-id=\"2092b7d0\" data-element_type=\"section\" data-e-type=\"section\" data-settings=\"{&quot;background_background&quot;:&quot;classic&quot;,&quot;stretch_section&quot;:&quot;section-stretched&quot;}\">\n\t\t\t\t\t\t<div class=\"elementor-container elementor-column-gap-extended\">\n\t\t\t\t\t<div class=\"elementor-column elementor-col-100 elementor-top-column elementor-element elementor-element-be69d75\" data-id=\"be69d75\" data-element_type=\"column\" data-e-type=\"column\">\n\t\t\t<div class=\"elementor-widget-wrap elementor-element-populated\">\n\t\t\t\t\t\t<div class=\"elementor-element elementor-element-320c022 elementor-widget elementor-widget-nuss-heading\" data-id=\"320c022\" data-element_type=\"widget\" data-e-type=\"widget\" data-widget_type=\"nuss-heading.default\">\n\t\t\t\t<div class=\"elementor-widget-container\">\n\t\t\t\t\t\t\t<div class=\"nuss-modern-heading\">\r\n\t\t\t\t\t\t<div class=\"heading-secondary-wrap\">\r\n\t\t\t\t<h3 class=\"heading-secondary elementor-heading-title\">Verf\u00fcgbarkeit pr\u00fcfen <\/h3>\t\t\t<\/div>\r\n\t\t\r\n\t\t\t\r\n\t\t\t\r\n\t\t\t\t\t<\/div>\r\n\t\t\t\t\t<\/div>\n\t\t\t\t<\/div>\n\t\t\t\t<div class=\"elementor-element elementor-element-fe69a93 elementor-widget elementor-widget-text-editor\" data-id=\"fe69a93\" data-element_type=\"widget\" data-e-type=\"widget\" data-widget_type=\"text-editor.default\">\n\t\t\t\t\t\t\t\t\t<iframe border=\"0\" src=\"https:\/\/www.trip.com\/partners\/ad\/S7062134?Allianceid=4590391&#038;SID=276494835&#038;trip_sub1=\" style=\"width:1200px;height:150px\" frameborder=\"0\" scrolling=\"no\" id=\"S7062134\"><\/iframe>\t\t\t\t\t\t\t\t<\/div>\n\t\t\t\t\t<\/div>\n\t\t<\/div>\n\t\t\t\t\t<\/div>\n\t\t<\/section>\n\t\t\t\t<\/div>","protected":false},"excerpt":{"rendered":"<p>Dive Into Family Adventure at Shanghai Haichang Ocean Park Resort Hotel \u2013 Your Gateway to Underwater Magic Nestled just steps from the thrilling gates of Shanghai Haichang Ocean Park, the Shanghai Haichang Ocean Park Resort Hotel offers more than just a place to sleep\u2014it delivers an immersive, ocean-themed escape designed for families seeking unforgettable memories. [&hellip;]<\/p>\n","protected":false},"author":1,"featured_media":0,"parent":0,"menu_order":0,"comment_status":"closed","ping_status":"closed","template":"","meta":{"footnotes":""},"class_list":["post-5266","page","type-page","status-publish","hentry","post-no-thumbnail"],"_links":{"self":[{"href":"https:\/\/shanghaihaichangoceanpark.com\/de\/wp-json\/wp\/v2\/pages\/5266","targetHints":{"allow":["GET"]}}],"collection":[{"href":"https:\/\/shanghaihaichangoceanpark.com\/de\/wp-json\/wp\/v2\/pages"}],"about":[{"href":"https:\/\/shanghaihaichangoceanpark.com\/de\/wp-json\/wp\/v2\/types\/page"}],"author":[{"embeddable":true,"href":"https:\/\/shanghaihaichangoceanpark.com\/de\/wp-json\/wp\/v2\/users\/1"}],"replies":[{"embeddable":true,"href":"https:\/\/shanghaihaichangoceanpark.com\/de\/wp-json\/wp\/v2\/comments?post=5266"}],"version-history":[{"count":0,"href":"https:\/\/shanghaihaichangoceanpark.com\/de\/wp-json\/wp\/v2\/pages\/5266\/revisions"}],"wp:attachment":[{"href":"https:\/\/shanghaihaichangoceanpark.com\/de\/wp-json\/wp\/v2\/media?parent=5266"}],"curies":[{"name":"wp","href":"https:\/\/api.w.org\/{rel}","templated":true}]}}