{"id":612,"date":"2021-03-26T10:04:13","date_gmt":"2021-03-26T10:04:13","guid":{"rendered":"http:\/\/localhost\/nuss\/?page_id=612"},"modified":"2025-11-20T07:10:02","modified_gmt":"2025-11-20T07:10:02","slug":"restaurant","status":"publish","type":"page","link":"https:\/\/shanghaihaichangoceanpark.com\/de\/restaurant\/","title":{"rendered":"Restaurant"},"content":{"rendered":"<div data-elementor-type=\"wp-page\" data-elementor-id=\"612\" class=\"elementor elementor-612\">\n\t\t\t\t\t\t<section class=\"elementor-section elementor-top-section elementor-element elementor-element-e2effe8 elementor-section-boxed elementor-section-gap-beside-yes elementor-section-height-default elementor-section-height-default elementor-section-column-vertical-align-stretch\" data-id=\"e2effe8\" data-element_type=\"section\" data-e-type=\"section\">\n\t\t\t\t\t\t<div class=\"elementor-container elementor-column-gap-extended\">\n\t\t\t\t\t<div class=\"elementor-column elementor-col-100 elementor-top-column elementor-element elementor-element-e18f688\" data-id=\"e18f688\" data-element_type=\"column\" data-e-type=\"column\">\n\t\t\t<div class=\"elementor-widget-wrap elementor-element-populated\">\n\t\t\t\t\t\t<div class=\"elementor-element elementor-element-6db146d elementor-widget__width-initial elementor-invisible elementor-widget elementor-widget-text-editor\" data-id=\"6db146d\" data-element_type=\"widget\" data-e-type=\"widget\" data-settings=\"{&quot;_animation&quot;:&quot;nussFadeInUp&quot;}\" data-widget_type=\"text-editor.default\">\n\t\t\t\t\t\t\t\t\t<div class=\"svelte-1c06zsf\" data-lang-code=\"\"><p><strong data-spm-anchor-id=\"a2ty_o01.29997173.0.i76.42e3c921a4NjKe\">Tauchen Sie ein in die Welt der K\u00f6stlichkeiten: Das Polar Restaurant im Shanghai Haichang Ocean Park Resort Hotel \u2013 wo sich jede Mahlzeit wie ein Unterwasserabenteuer anf\u00fchlt.<\/strong><\/p><\/div>\t\t\t\t\t\t\t\t<\/div>\n\t\t\t\t\t<\/div>\n\t\t<\/div>\n\t\t\t\t\t<\/div>\n\t\t<\/section>\n\t\t<div class=\"elementor-element elementor-element-764955e e-flex e-con-boxed e-con e-parent\" data-id=\"764955e\" data-element_type=\"container\" data-e-type=\"container\">\n\t\t\t\t\t<div class=\"e-con-inner\">\n\t\t<div class=\"elementor-element elementor-element-3a71d84 e-con-full e-flex e-con e-child\" data-id=\"3a71d84\" data-element_type=\"container\" data-e-type=\"container\">\n\t\t\t\t<div class=\"elementor-element elementor-element-81a00fb elementor-widget elementor-widget-text-editor\" data-id=\"81a00fb\" data-element_type=\"widget\" data-e-type=\"widget\" data-widget_type=\"text-editor.default\">\n\t\t\t\t\t\t\t\t\t<p data-spm-anchor-id=\"a2ty_o01.29997173.0.i78.42e3c921a4NjKe\">Willkommen bei <strong>Das Polar Restaurant<\/strong> \u2014 das Herzst\u00fcck kulinarischer Magie im <strong>Shanghai Haichang Ocean Park Resort Hotel<\/strong>, Das Restaurant liegt direkt an der Qiqing Road 777 im neuen Stadtbezirk Pudong. Es ist nicht einfach nur ein Ort zum Essen; hier wird das Fr\u00fchst\u00fcck zum Ritual vor dem Theaterbesuch, das Mittagessen zum Picknick am Meer und das Abendessen f\u00fchlt sich an wie ein Essen unter dem Sternenhimmel \u2026 oder besser gesagt, unter den Wellen.<\/p><div class=\"my-2\">\u00a0<\/div><p data-spm-anchor-id=\"a2ty_o01.29997173.0.i77.42e3c921a4NjKe\">Das Polar Restaurant, gestaltet mit demselben verspielten, vom Meer inspirierten Charme, der das gesamte Resort pr\u00e4gt, macht jede Mahlzeit zu einem unvergesslichen Erlebnis \u2013 perfekt f\u00fcr Familien, Abenteuerlustige und alle, die finden, dass Essen genauso viel Spa\u00df machen wie es schmecken sollte. Ob Sie sich vor Ihrer ersten Fahrt mit der Delfin-Achterbahn st\u00e4rken oder nach einem Tag voller Pinguinbegegnungen entspannen m\u00f6chten, in diesem lebhaften Restaurant wird jeder Bissen zu einem Teil des Abenteuers.<\/p>\t\t\t\t\t\t\t\t<\/div>\n\t\t\t\t<\/div>\n\t\t<div class=\"elementor-element elementor-element-bb76a06 e-con-full e-flex e-con e-child\" data-id=\"bb76a06\" data-element_type=\"container\" data-e-type=\"container\">\n\t\t\t\t<div class=\"elementor-element elementor-element-636ac5f elementor-widget elementor-widget-image\" data-id=\"636ac5f\" data-element_type=\"widget\" data-e-type=\"widget\" data-widget_type=\"image.default\">\n\t\t\t\t\t\t\t\t\t\t\t\t\t\t\t<img fetchpriority=\"high\" decoding=\"async\" width=\"1024\" height=\"682\" src=\"https:\/\/shanghaihaichangoceanpark.com\/wp-content\/uploads\/2025\/11\/Shanghai-Haichang-Ocean-Park-Resort-Hotel-55-1024x682.webp\" class=\"attachment-large size-large wp-image-7270\" alt=\"\" srcset=\"https:\/\/shanghaihaichangoceanpark.com\/wp-content\/uploads\/2025\/11\/Shanghai-Haichang-Ocean-Park-Resort-Hotel-55-1024x682.webp 1024w, https:\/\/shanghaihaichangoceanpark.com\/wp-content\/uploads\/2025\/11\/Shanghai-Haichang-Ocean-Park-Resort-Hotel-55-300x200.webp 300w, https:\/\/shanghaihaichangoceanpark.com\/wp-content\/uploads\/2025\/11\/Shanghai-Haichang-Ocean-Park-Resort-Hotel-55-768x512.webp 768w, https:\/\/shanghaihaichangoceanpark.com\/wp-content\/uploads\/2025\/11\/Shanghai-Haichang-Ocean-Park-Resort-Hotel-55-18x12.webp 18w, https:\/\/shanghaihaichangoceanpark.com\/wp-content\/uploads\/2025\/11\/Shanghai-Haichang-Ocean-Park-Resort-Hotel-55.webp 1280w\" sizes=\"(max-width: 1024px) 100vw, 1024px\" \/>\t\t\t\t\t\t\t\t\t\t\t\t\t\t\t<\/div>\n\t\t\t\t<\/div>\n\t\t\t\t\t<\/div>\n\t\t\t\t<\/div>\n\t\t<div class=\"elementor-element elementor-element-d05381b e-flex e-con-boxed e-con e-parent\" data-id=\"d05381b\" data-element_type=\"container\" data-e-type=\"container\">\n\t\t\t\t\t<div class=\"e-con-inner\">\n\t\t\t\t<div class=\"elementor-element elementor-element-53bd849 elementor-widget elementor-widget-text-editor\" data-id=\"53bd849\" data-element_type=\"widget\" data-e-type=\"widget\" data-widget_type=\"text-editor.default\">\n\t\t\t\t\t\t\t\t\t<h3 data-spm-anchor-id=\"a2ty_o01.29997173.0.i81.42e3c921a4NjKe\">\ud83d\udc27 Ein Buffet voller K\u00f6stlichkeiten rund um das Thema Meer<\/h3><p>T\u00e4glich frisch zubereitet ab <strong data-spm-anchor-id=\"a2ty_o01.29997173.0.i80.42e3c921a4NjKe\">7:00 Uhr bis 10:00 Uhr<\/strong>, unser <strong>Fr\u00fchst\u00fccksbuffet<\/strong> Das Restaurant bietet eine reichhaltige Auswahl, die sowohl experimentierfreudige als auch w\u00e4hlerische Esser zufriedenstellt. Freuen Sie sich auf fluffige Pfannkuchen in Form von Meerestieren, dampfende Sch\u00fcsseln mit Congee, herzhafte Dim Sum, frische Obstplatten, knusprigen Speck, R\u00fchrei und warmes Geb\u00e4ck \u2013 alles pr\u00e4sentiert in einem fr\u00f6hlichen, maritimen Ambiente.<\/p><p>Aber wir haben es nicht bei der Vielfalt belassen. Wir haben daf\u00fcr gesorgt, dass sich auch die Kinder wie zu Hause f\u00fchlen \u2013 mit <strong>niedrige Tische<\/strong>, <strong>farbenfrohe Sitzgelegenheiten<\/strong>, und sogar <strong>Kinderbesteck<\/strong>. Die Eltern k\u00f6nnen sich entspannen, da sie wissen, dass ihre kleinen Entdecker gl\u00fccklich ihre Lieblingsspeisen knabbern, w\u00e4hrend sie Kaffee trinken oder einen ruhigen Moment genie\u00dfen, bevor sie wieder hinausgehen, um den Park zu erobern.<\/p><blockquote><p>\u201cDas Fr\u00fchst\u00fcck war ein voller Erfolg! Mein Kleinkind war begeistert von der Pfannkuchenstation, und ich habe die hei\u00dfen Nudeln und den starken Kaffee sehr genossen. Es ist zwar kein Gourmetrestaurant, aber thematisch perfekt gestaltet und super praktisch.\u201d \u2013 M861842****, Trip.com-Bewertung<\/p><\/blockquote><div class=\"my-2\">\u00a0<\/div><div class=\"py-2 my-3\"><hr \/><\/div><div class=\"my-2\">\u00a0<\/div><h3>\ud83c\udf7d\ufe0f Mehr als nur Fr\u00fchst\u00fcck: Snacks, Getr\u00e4nke &amp; familienfreundlicher Service<\/h3><p>Das Fr\u00fchst\u00fcck ist zwar die Hauptattraktion, aber das Polar Restaurant dient auch tags\u00fcber als Treffpunkt f\u00fcr einen schnellen Imbiss. Lust auf einen Snack am Vormittag? Holen Sie sich ein Geb\u00e4ck oder einen Saft am Caf\u00e9-Tresen. Appetit auf etwas S\u00fc\u00dfes nach der Orca-Show? G\u00f6nnen Sie sich Eis oder Kekse in der N\u00e4he der Lobbybar. Und wenn Sie lieber gem\u00fctlich speisen m\u00f6chten, <strong>Zimmerservice<\/strong> steht f\u00fcr entspannte Momente nach dem Parkbesuch zur Verf\u00fcgung.<\/p><p>Unsere K\u00f6che mischen <strong>authentische chinesische K\u00fcche<\/strong> mit Publikumslieblingen <strong>Western-Klassiker<\/strong>, So ist f\u00fcr jeden Geschmack etwas dabei \u2013 egal ob Sie Lust auf Kn\u00f6del, Omelett, Toast oder Haferflocken haben. Auch vegetarische Optionen sind sorgf\u00e4ltig ausgew\u00e4hlt, sodass Sie problemlos auf unterschiedliche Ern\u00e4hrungsbed\u00fcrfnisse eingehen k\u00f6nnen, ohne auf Geschmack verzichten zu m\u00fcssen.<\/p><div class=\"my-2\">\u00a0<\/div><div class=\"py-2 my-3\"><hr \/><\/div><div class=\"my-2\">\u00a0<\/div><h3>\ud83c\udf0a Entworfen f\u00fcr Entdeckungen \u2013 nicht nur zum Essen<\/h3><p>Treten Sie ein und Sie werden sich wie in einer versunkenen Schatzkammer f\u00fchlen. Wandmalereien von verspielten Pinguinen, schimmernden Korallenriffen und sanften Walen zieren die W\u00e4nde. Die Tische sind so angeordnet, dass sie zum Plaudern einladen, und nat\u00fcrliches Licht str\u00f6mt durch gro\u00dfe Fenster mit Blick auf den Hotelinnenhof \u2013 perfekt, um Leute zu beobachten oder Fotos von Ihren Freunden beim Essen zu machen.<\/p><p>F\u00fcr Eltern machen die liebevollen Details den entscheidenden Unterschied: Hochst\u00fchle, Tritthocker, kinderfreundliche Teller und sogar <strong>Kinderbadem\u00e4ntel und Hausschuhe<\/strong> (auf Anfrage erh\u00e4ltlich) bedeutet, dass niemand auf den Spa\u00df verzichten muss \u2013 selbst nicht w\u00e4hrend der Mahlzeiten.<\/p><div class=\"my-2\">\u00a0<\/div><div class=\"py-2 my-3\"><hr \/><\/div><div class=\"my-2\">\u00a0<\/div><h3>\ud83d\udca1 Clevere Restauranttipps f\u00fcr Ihren Aufenthalt<\/h3><p>\u2705 <strong>Buchen Sie Ihre Pauschalreisen im Voraus<\/strong>Viele G\u00e4ste entscheiden sich f\u00fcr Pauschalangebote, die Folgendes beinhalten <strong>Parktickets + Fr\u00fchst\u00fcck<\/strong>, wodurch ein hervorragendes Preis-Leistungs-Verh\u00e4ltnis geboten und Entscheidungen in letzter Minute vermieden werden.<\/p><p>\u2705 <strong>Fr\u00fch anreisen<\/strong>In der Hochsaison (Wochenenden, Feiertage) kann es im Restaurant sehr voll werden. Wenn Sie gegen 7:00 Uhr morgens kommen, haben Sie die besten Chancen auf einen Platz und ein leckeres Gericht.<\/p><p>\u2705 <strong>Fragen Sie nach Sonderangeboten<\/strong>Obwohl die Speisekarte je nach Saison leicht variiert, haben die Mitarbeiter oft Insider-Tipps, welche Gerichte am frischesten oder bei Familien am beliebtesten sind.<\/p><p>\u2705 <strong>Vergessen Sie nicht die Extras<\/strong>Fragen Sie nach kostenlosem Nachf\u00fcllen von Wasser, zus\u00e4tzlichen Servietten oder sogar einer kleinen Dessert\u00fcberraschung f\u00fcr Geburtstagsfeiern \u2013 viele Rezensenten loben die Entgegenkommen des Teams bei h\u00f6flicher Nachfrage.<\/p><div class=\"py-2 my-3\">\u00a0<\/div><div class=\"my-2\">\u00a0<\/div><div class=\"py-2 my-3\"><hr \/><\/div><div class=\"my-2\">\u00a0<\/div><h3>\u2764\ufe0f Echte G\u00e4steliebe: Warum Familien immer wiederkommen<\/h3><p>Die G\u00e4ste loben das Polar Restaurant immer wieder f\u00fcr seine <strong>famili\u00e4re Atmosph\u00e4re<\/strong>, <strong>vielf\u00e4ltige Auswahlm\u00f6glichkeiten<\/strong>, Und <strong>g\u00fcnstige Lage<\/strong> \u2014 nur wenige Schritte von Ihrem Zimmer und dem Parkeingang entfernt. Ein Rezensent teilte mit:<\/p><blockquote><p>\u201cDas Fr\u00fchst\u00fccksbuffet lie\u00df keine W\u00fcnsche offen \u2013 meine F\u00fcnfj\u00e4hrige konnte sich nicht zwischen Pfannkuchen und Nudeln entscheiden, also hat sie beides probiert! Das Personal war freundlich, und dank der niedrigen Tische konnte sie ihren Teller selbst erreichen. Ein riesiger Pluspunkt!\u201d<\/p><\/blockquote><p>Ein weiterer Verd\u00e4chtiger bemerkte:<\/p><blockquote><p>\u201cKein Michelin-Stern, aber perfekt f\u00fcr unsere Bed\u00fcrfnisse \u2013 schnell, lecker und unkompliziert. Nach einem Tag voller Shows und Fahrgesch\u00e4fte f\u00fchlte sich die R\u00fcckkehr zu einer warmen Mahlzeit wie eine Belohnung an.\u201d<\/p><\/blockquote><div class=\"my-2\">\u00a0<\/div><div class=\"py-2 my-3\"><hr \/><\/div><div class=\"my-2\">\u00a0<\/div><h3>\ud83c\udfaf Perfekt f\u00fcr:<\/h3><p>\u2714\ufe0f Familien mit kleinen Kindern, die unkomplizierte Mahlzeiten suchen<br \/>\u2714\ufe0f G\u00e4ste, die ihre Parkzeit optimal nutzen m\u00f6chten, profitieren vom Express-Eintritt.<br \/>\u2714\ufe0f Reisende, die eine Mischung aus lokalen Aromen und internationalen Wohlf\u00fchlgerichten suchen<br \/>\u2714\ufe0f F\u00fcr alle, die sich ein kulinarisches Erlebnis w\u00fcnschen, das dem magischen Thema ihres Aufenthalts entspricht.<\/p><div class=\"my-2\">\u00a0<\/div><div class=\"py-2 my-3\"><hr \/><\/div><div class=\"my-2\">\u00a0<\/div><p>Ob Sie nun bei Sonnenaufgang \u00fcber dem Park Kaffee trinken oder nach einem aufregenden Tag voller Meeresabenteuer bei Waffeln Geschichten austauschen, <strong>Das Polar Restaurant<\/strong> sorgt daf\u00fcr, dass Ihre kulinarische Reise genauso unvergesslich wird wie Ihr Besuch im Shanghai Haichang Ocean Park selbst.<\/p><div class=\"my-2\">\u00a0<\/div><p data-spm-anchor-id=\"a2ty_o01.29997173.0.i82.42e3c921a4NjKe\">Komm hungrig. Geh gl\u00fccklich. Und lass das Unterwasserfestmahl beginnen. \ud83d\udc20\ud83c\udf74<\/p>\t\t\t\t\t\t\t\t<\/div>\n\t\t\t\t\t<\/div>\n\t\t\t\t<\/div>\n\t\t\t\t<section class=\"elementor-section elementor-top-section elementor-element elementor-element-689ddf86 elementor-section-stretched elementor-section-boxed elementor-section-gap-beside-yes elementor-section-height-default elementor-section-height-default elementor-section-column-vertical-align-stretch\" data-id=\"689ddf86\" data-element_type=\"section\" data-e-type=\"section\" data-settings=\"{&quot;background_background&quot;:&quot;classic&quot;,&quot;stretch_section&quot;:&quot;section-stretched&quot;}\">\n\t\t\t\t\t\t<div class=\"elementor-container elementor-column-gap-extended\">\n\t\t\t\t\t<div class=\"elementor-column elementor-col-100 elementor-top-column elementor-element elementor-element-234b8474\" data-id=\"234b8474\" data-element_type=\"column\" data-e-type=\"column\">\n\t\t\t<div class=\"elementor-widget-wrap elementor-element-populated\">\n\t\t\t\t\t\t<div class=\"elementor-element elementor-element-171754f7 elementor-widget elementor-widget-nuss-heading\" data-id=\"171754f7\" data-element_type=\"widget\" data-e-type=\"widget\" data-widget_type=\"nuss-heading.default\">\n\t\t\t\t<div class=\"elementor-widget-container\">\n\t\t\t\t\t\t\t<div class=\"nuss-modern-heading\">\r\n\t\t\t\t\t\t<div class=\"heading-secondary-wrap\">\r\n\t\t\t\t<h3 class=\"heading-secondary elementor-heading-title\">Verf\u00fcgbarkeit pr\u00fcfen <\/h3>\t\t\t<\/div>\r\n\t\t\r\n\t\t\t\r\n\t\t\t\r\n\t\t\t\t\t<\/div>\r\n\t\t\t\t\t<\/div>\n\t\t\t\t<\/div>\n\t\t\t\t<div class=\"elementor-element elementor-element-3c68956e elementor-widget elementor-widget-text-editor\" data-id=\"3c68956e\" data-element_type=\"widget\" data-e-type=\"widget\" data-widget_type=\"text-editor.default\">\n\t\t\t\t\t\t\t\t\t<iframe border=\"0\" src=\"https:\/\/www.trip.com\/partners\/ad\/S5683218?Allianceid=4590391&#038;SID=263693760&#038;trip_sub1=\" style=\"width:1200px;height:200px\" frameborder=\"0\" scrolling=\"no\" id=\"S5683218\"><\/iframe>\t\t\t\t\t\t\t\t<\/div>\n\t\t\t\t\t<\/div>\n\t\t<\/div>\n\t\t\t\t\t<\/div>\n\t\t<\/section>\n\t\t\t\t<\/div>","protected":false},"excerpt":{"rendered":"<p>Dive Into Delicious: The Polar Restaurant at Shanghai Haichang Ocean Park Resort Hotel \u2014 Where Every Meal Feels Like an Underwater Adventure Welcome to The Polar Restaurant \u2014 the heart of culinary magic at the Shanghai Haichang Ocean Park Resort Hotel, nestled right at No. 777 Qiqing Road in Pudong New Area. This isn\u2019t just [&hellip;]<\/p>\n","protected":false},"author":1,"featured_media":0,"parent":0,"menu_order":0,"comment_status":"closed","ping_status":"closed","template":"","meta":{"footnotes":""},"class_list":["post-612","page","type-page","status-publish","hentry","post-no-thumbnail"],"_links":{"self":[{"href":"https:\/\/shanghaihaichangoceanpark.com\/de\/wp-json\/wp\/v2\/pages\/612","targetHints":{"allow":["GET"]}}],"collection":[{"href":"https:\/\/shanghaihaichangoceanpark.com\/de\/wp-json\/wp\/v2\/pages"}],"about":[{"href":"https:\/\/shanghaihaichangoceanpark.com\/de\/wp-json\/wp\/v2\/types\/page"}],"author":[{"embeddable":true,"href":"https:\/\/shanghaihaichangoceanpark.com\/de\/wp-json\/wp\/v2\/users\/1"}],"replies":[{"embeddable":true,"href":"https:\/\/shanghaihaichangoceanpark.com\/de\/wp-json\/wp\/v2\/comments?post=612"}],"version-history":[{"count":0,"href":"https:\/\/shanghaihaichangoceanpark.com\/de\/wp-json\/wp\/v2\/pages\/612\/revisions"}],"wp:attachment":[{"href":"https:\/\/shanghaihaichangoceanpark.com\/de\/wp-json\/wp\/v2\/media?parent=612"}],"curies":[{"name":"wp","href":"https:\/\/api.w.org\/{rel}","templated":true}]}}