{"id":5266,"date":"2021-07-18T08:03:35","date_gmt":"2021-07-18T08:03:35","guid":{"rendered":"https:\/\/nuss.uxper.co\/luxury-resort\/?page_id=5266"},"modified":"2025-11-20T06:20:36","modified_gmt":"2025-11-20T06:20:36","slug":"a-propos-de-nous","status":"publish","type":"page","link":"https:\/\/shanghaihaichangoceanpark.com\/fr\/a-propos-de-nous\/","title":{"rendered":"\u00c0 propos de nous"},"content":{"rendered":"<div data-elementor-type=\"wp-page\" data-elementor-id=\"5266\" class=\"elementor elementor-5266\">\n\t\t\t\t\t\t<section class=\"elementor-section elementor-top-section elementor-element elementor-element-10416953 elementor-section-boxed elementor-section-gap-beside-yes elementor-section-height-default elementor-section-height-default elementor-section-column-vertical-align-stretch\" data-id=\"10416953\" data-element_type=\"section\" data-e-type=\"section\">\n\t\t\t\t\t\t<div class=\"elementor-container elementor-column-gap-extended\">\n\t\t\t\t\t<div class=\"elementor-column elementor-col-100 elementor-top-column elementor-element elementor-element-29c6aa8\" data-id=\"29c6aa8\" data-element_type=\"column\" data-e-type=\"column\">\n\t\t\t<div class=\"elementor-widget-wrap elementor-element-populated\">\n\t\t\t\t\t\t<div class=\"elementor-element elementor-element-7be18fe7 elementor-widget__width-initial elementor-invisible elementor-widget elementor-widget-text-editor\" data-id=\"7be18fe7\" data-element_type=\"widget\" data-e-type=\"widget\" data-settings=\"{&quot;_animation&quot;:&quot;nussFadeInUp&quot;}\" data-widget_type=\"text-editor.default\">\n\t\t\t\t\t\t\t\t\t<div class=\"svelte-1c06zsf\" data-lang-code=\"\"><p><strong data-spm-anchor-id=\"a2ty_o01.29997173.0.i35.42e3c921a4NjKe\">Plongez dans l&#039;aventure familiale au Shanghai Haichang Ocean Park Resort Hotel \u2013 Votre porte d&#039;entr\u00e9e vers la magie sous-marine<\/strong><\/p><\/div>\t\t\t\t\t\t\t\t<\/div>\n\t\t\t\t\t<\/div>\n\t\t<\/div>\n\t\t\t\t\t<\/div>\n\t\t<\/section>\n\t\t\t\t<section class=\"elementor-section elementor-top-section elementor-element elementor-element-7d18327f elementor-section-boxed elementor-section-gap-beside-yes elementor-section-height-default elementor-section-height-default elementor-section-column-vertical-align-stretch\" data-id=\"7d18327f\" data-element_type=\"section\" data-e-type=\"section\">\n\t\t\t\t\t\t<div class=\"elementor-container elementor-column-gap-extended\">\n\t\t\t\t\t<div class=\"elementor-column elementor-col-50 elementor-top-column elementor-element elementor-element-56533670\" data-id=\"56533670\" data-element_type=\"column\" data-e-type=\"column\">\n\t\t\t<div class=\"elementor-widget-wrap elementor-element-populated\">\n\t\t\t\t\t\t<div class=\"elementor-element elementor-element-19c3f543 elementor-drop-cap-yes elementor-drop-cap-view-default elementor-invisible elementor-widget elementor-widget-text-editor\" data-id=\"19c3f543\" data-element_type=\"widget\" data-e-type=\"widget\" data-settings=\"{&quot;_animation&quot;:&quot;nussFadeInUp&quot;,&quot;drop_cap&quot;:&quot;yes&quot;}\" data-widget_type=\"text-editor.default\">\n\t\t\t\t\t\t\t\t\t<p>Situ\u00e9 \u00e0 deux pas des portes palpitantes du parc oc\u00e9anique Shanghai Haichang, le <strong>H\u00f4tel Shanghai Haichang Ocean Park Resort<\/strong> Bien plus qu&#039;un simple lieu d&#039;h\u00e9bergement, cet \u00e9tablissement propose une escapade immersive sur le th\u00e8me de l&#039;oc\u00e9an, id\u00e9ale pour les familles en qu\u00eate de souvenirs inoubliables. Situ\u00e9 au 777, rue Qiqing, dans le nouveau district de Pudong, ce complexe 4 \u00e9toiles b\u00e9n\u00e9ficie d&#039;un emplacement id\u00e9al pour les visiteurs souhaitant profiter pleinement de leur s\u00e9jour au parc gr\u00e2ce \u00e0 un confort optimal, des h\u00e9bergements ludiques et des \u00e9quipements bien pens\u00e9s, adapt\u00e9s aux voyageurs de tous \u00e2ges.<\/p>\t\t\t\t\t\t\t\t<\/div>\n\t\t\t\t\t<\/div>\n\t\t<\/div>\n\t\t\t\t<div class=\"elementor-column elementor-col-50 elementor-top-column elementor-element elementor-element-30f14127\" data-id=\"30f14127\" data-element_type=\"column\" data-e-type=\"column\">\n\t\t\t<div class=\"elementor-widget-wrap elementor-element-populated\">\n\t\t\t\t\t\t<div class=\"elementor-element elementor-element-59aea08 elementor-widget elementor-widget-image\" data-id=\"59aea08\" data-element_type=\"widget\" data-e-type=\"widget\" data-widget_type=\"image.default\">\n\t\t\t\t\t\t\t\t\t\t\t\t\t\t\t<img fetchpriority=\"high\" decoding=\"async\" width=\"800\" height=\"533\" src=\"https:\/\/shanghaihaichangoceanpark.com\/wp-content\/uploads\/2025\/11\/front.jpg\" class=\"attachment-large size-large wp-image-7197\" alt=\"\" srcset=\"https:\/\/shanghaihaichangoceanpark.com\/wp-content\/uploads\/2025\/11\/front.jpg 800w, https:\/\/shanghaihaichangoceanpark.com\/wp-content\/uploads\/2025\/11\/front-300x200.jpg 300w, https:\/\/shanghaihaichangoceanpark.com\/wp-content\/uploads\/2025\/11\/front-768x512.jpg 768w, https:\/\/shanghaihaichangoceanpark.com\/wp-content\/uploads\/2025\/11\/front-18x12.jpg 18w\" sizes=\"(max-width: 800px) 100vw, 800px\" \/>\t\t\t\t\t\t\t\t\t\t\t\t\t\t\t<\/div>\n\t\t\t\t\t<\/div>\n\t\t<\/div>\n\t\t\t\t\t<\/div>\n\t\t<\/section>\n\t\t\t\t<section class=\"elementor-section elementor-top-section elementor-element elementor-element-29fb8578 elementor-section-height-min-height elementor-section-stretched elementor-section-full_width elementor-section-items-stretch elementor-section-height-default elementor-section-column-vertical-align-stretch\" data-id=\"29fb8578\" data-element_type=\"section\" data-e-type=\"section\" data-settings=\"{&quot;stretch_section&quot;:&quot;section-stretched&quot;}\">\n\t\t\t\t\t\t<div class=\"elementor-container elementor-column-gap-no\">\n\t\t\t\t\t<div class=\"elementor-column elementor-col-50 elementor-top-column elementor-element elementor-element-40ac270b\" data-id=\"40ac270b\" data-element_type=\"column\" data-e-type=\"column\">\n\t\t\t<div class=\"elementor-widget-wrap elementor-element-populated\">\n\t\t\t\t\t\t<div class=\"elementor-element elementor-element-20872773 elementor-widget__width-initial elementor-widget-mobile__width-inherit elementor-invisible nuss-elementor-loading nuss-slide-in-right elementor-widget elementor-widget-image\" data-id=\"20872773\" data-element_type=\"widget\" data-e-type=\"widget\" data-settings=\"{&quot;_animation&quot;:&quot;nussSlideInRight&quot;}\" data-widget_type=\"image.default\">\n\t\t\t\t\t\t\t\t\t\t\t\t\t\t\t<img decoding=\"async\" width=\"1280\" height=\"800\" src=\"https:\/\/shanghaihaichangoceanpark.com\/wp-content\/uploads\/2025\/11\/Shanghai-Haichang-Ocean-Park-Resort-Hotel-141.webp\" class=\"attachment-full size-full wp-image-7356\" alt=\"\" srcset=\"https:\/\/shanghaihaichangoceanpark.com\/wp-content\/uploads\/2025\/11\/Shanghai-Haichang-Ocean-Park-Resort-Hotel-141.webp 1280w, https:\/\/shanghaihaichangoceanpark.com\/wp-content\/uploads\/2025\/11\/Shanghai-Haichang-Ocean-Park-Resort-Hotel-141-300x188.webp 300w, https:\/\/shanghaihaichangoceanpark.com\/wp-content\/uploads\/2025\/11\/Shanghai-Haichang-Ocean-Park-Resort-Hotel-141-1024x640.webp 1024w, https:\/\/shanghaihaichangoceanpark.com\/wp-content\/uploads\/2025\/11\/Shanghai-Haichang-Ocean-Park-Resort-Hotel-141-768x480.webp 768w, https:\/\/shanghaihaichangoceanpark.com\/wp-content\/uploads\/2025\/11\/Shanghai-Haichang-Ocean-Park-Resort-Hotel-141-18x12.webp 18w\" sizes=\"(max-width: 1280px) 100vw, 1280px\" \/>\t\t\t\t\t\t\t\t\t\t\t\t\t\t\t<\/div>\n\t\t\t\t\t<\/div>\n\t\t<\/div>\n\t\t\t\t<div class=\"elementor-column elementor-col-50 elementor-top-column elementor-element elementor-element-2dac103\" data-id=\"2dac103\" data-element_type=\"column\" data-e-type=\"column\">\n\t\t\t<div class=\"elementor-widget-wrap elementor-element-populated\">\n\t\t\t\t\t\t<div class=\"elementor-element elementor-element-6f1b8966 elementor-invisible elementor-widget elementor-widget-text-editor\" data-id=\"6f1b8966\" data-element_type=\"widget\" data-e-type=\"widget\" data-settings=\"{&quot;_animation&quot;:&quot;nussFadeInUp&quot;}\" data-widget_type=\"text-editor.default\">\n\t\t\t\t\t\t\t\t\t<p data-spm-anchor-id=\"a2ty_o01.29997173.0.i38.42e3c921a4NjKe\">D\u00e8s votre arriv\u00e9e, la magie op\u00e8re. Le design vibrant de l&#039;h\u00f4tel, inspir\u00e9 par le monde marin, donne le ton \u00e0 des vacances f\u00e9\u00e9riques\u00a0: suites sur le th\u00e8me des pingouins, motifs de sir\u00e8nes et lits superpos\u00e9s en forme de requin \u00e9merveilleront les enfants et les adultes. Avec plus de 300 chambres \u00e0 th\u00e8me uniques, dont des options id\u00e9ales pour les familles comme la \u201c\u00a0Chambre B\u00e9b\u00e9 Requin\u00a0\u201d et la spacieuse \u201c\u00a0Suite Panorama Paradis\u00a0\u201d, chaque s\u00e9jour est con\u00e7u pour enchanter. Les chambres sont soigneusement \u00e9quip\u00e9es avec des peignoirs, des chaussons, des brosses \u00e0 dents, des barri\u00e8res de lit (disponibles sur demande) et m\u00eame des marchepieds adapt\u00e9s aux enfants, pour garantir confort et s\u00e9curit\u00e9 aux petits explorateurs.<\/p><div class=\"my-2\">\u00a0<\/div><p data-spm-anchor-id=\"a2ty_o01.29997173.0.i39.42e3c921a4NjKe\">Au-del\u00e0 des chambres, l&#039;h\u00f4tel se distingue par ses services pens\u00e9s pour les familles. Profitez d&#039;un acc\u00e8s prioritaire au parc oc\u00e9anographique adjacent gr\u00e2ce \u00e0 une voie r\u00e9serv\u00e9e, et gagnez un temps pr\u00e9cieux pour profiter pleinement des attractions comme le Dolphin Roller Coaster ou des spectacles d&#039;orques. Commencez votre journ\u00e9e par un copieux petit-d\u00e9jeuner buffet au restaurant Polar, proposant des sp\u00e9cialit\u00e9s chinoises et occidentales, ou prenez un caf\u00e9 avant de partir explorer les environs. Besoin d&#039;aide pour organiser votre visite du parc\u00a0? Notre personnel multilingue et notre service de conciergerie sont disponibles 24h\/24 et 7j\/7 pour vous assister dans toutes vos d\u00e9marches, de la gestion de vos bagages \u00e0 la r\u00e9servation de taxis.<\/p>\t\t\t\t\t\t\t\t<\/div>\n\t\t\t\t\t<\/div>\n\t\t<\/div>\n\t\t\t\t\t<\/div>\n\t\t<\/section>\n\t\t\t\t<section class=\"elementor-section elementor-top-section elementor-element elementor-element-d5c6aca elementor-section-height-min-height elementor-section-stretched elementor-section-full_width elementor-section-items-stretch elementor-section-height-default elementor-section-column-vertical-align-stretch\" data-id=\"d5c6aca\" data-element_type=\"section\" data-e-type=\"section\" data-settings=\"{&quot;stretch_section&quot;:&quot;section-stretched&quot;}\">\n\t\t\t\t\t\t<div class=\"elementor-container elementor-column-gap-no\">\n\t\t\t\t\t<div class=\"elementor-column elementor-col-50 elementor-top-column elementor-element elementor-element-44efbbd\" data-id=\"44efbbd\" data-element_type=\"column\" data-e-type=\"column\">\n\t\t\t<div class=\"elementor-widget-wrap elementor-element-populated\">\n\t\t\t\t\t\t<div class=\"elementor-element elementor-element-5bea819 elementor-invisible elementor-widget elementor-widget-text-editor\" data-id=\"5bea819\" data-element_type=\"widget\" data-e-type=\"widget\" data-settings=\"{&quot;_animation&quot;:&quot;nussFadeInUp&quot;}\" data-widget_type=\"text-editor.default\">\n\t\t\t\t\t\t\t\t\t<p data-spm-anchor-id=\"a2ty_o01.29997173.0.i40.42e3c921a4NjKe\">Le confort est primordial\u00a0: parking gratuit sur place, acc\u00e8s facile \u00e0 la station de m\u00e9tro Lingang Avenue (\u00e0 seulement 1,3\u00a0km) et \u00e0 30\u00a0minutes en voiture de l\u2019a\u00e9roport international de Shanghai Pudong facilitent grandement les d\u00e9placements. Bien que l\u2019h\u00f4tel ne propose pas de navette a\u00e9roport, son emplacement central \u00e0 proximit\u00e9 des principales attractions, comme le parc d\u2019attractions Antarctic Penguin Encounter et le parc Tongqu, en fait un lieu id\u00e9al aussi bien pour les nouveaux visiteurs que pour les clients fid\u00e8les.<\/p><div class=\"my-2\">\u00a0<\/div><p>Les clients appr\u00e9cient particuli\u00e8rement la propret\u00e9 de l&#039;h\u00f4tel, son service attentionn\u00e9 et ses installations d\u00e9di\u00e9es aux enfants, comme l&#039;aire de jeux et les toboggans aquatiques. Nombreux sont ceux qui soulignent l&#039;int\u00e9r\u00eat des formules incluant les billets d&#039;entr\u00e9e au parc et le petit-d\u00e9jeuner, un choix judicieux pour les familles au budget serr\u00e9. Malgr\u00e9 quelques remarques concernant d&#039;\u00e9ventuels besoins mineurs d&#039;entretien, l&#039;impression g\u00e9n\u00e9rale est celle d&#039;une ambiance chaleureuse et conviviale, et d&#039;un accueil exceptionnel.<\/p><div class=\"my-2\">\u00a0<\/div><p>Que vous planifiez une escapade de fin de semaine, un s\u00e9jour de plusieurs jours dans un parc aquatique ou que vous souhaitiez simplement offrir \u00e0 votre famille un moment extraordinaire, le Shanghai Haichang Ocean Park Resort Hotel transforme vos voyages en exp\u00e9riences inoubliables. R\u00e9servez votre s\u00e9jour sous-marin d\u00e8s aujourd&#039;hui et laissez le plaisir vous envahir d\u00e8s votre arriv\u00e9e.<\/p>\t\t\t\t\t\t\t\t<\/div>\n\t\t\t\t\t<\/div>\n\t\t<\/div>\n\t\t\t\t<div class=\"elementor-column elementor-col-50 elementor-top-column elementor-element elementor-element-291f919\" data-id=\"291f919\" data-element_type=\"column\" data-e-type=\"column\">\n\t\t\t<div class=\"elementor-widget-wrap elementor-element-populated\">\n\t\t\t\t\t\t<div class=\"elementor-element elementor-element-b9196b5 elementor-widget__width-initial elementor-widget-mobile__width-inherit elementor-invisible nuss-elementor-loading nuss-slide-in-right elementor-widget elementor-widget-image\" data-id=\"b9196b5\" data-element_type=\"widget\" data-e-type=\"widget\" data-settings=\"{&quot;_animation&quot;:&quot;nussSlideInRight&quot;}\" data-widget_type=\"image.default\">\n\t\t\t\t\t\t\t\t\t\t\t\t\t\t\t<img decoding=\"async\" width=\"1280\" height=\"853\" src=\"https:\/\/shanghaihaichangoceanpark.com\/wp-content\/uploads\/2025\/11\/Shanghai-Haichang-Ocean-Park-Resort-Hotel-146.webp\" class=\"attachment-full size-full wp-image-7361\" alt=\"\" srcset=\"https:\/\/shanghaihaichangoceanpark.com\/wp-content\/uploads\/2025\/11\/Shanghai-Haichang-Ocean-Park-Resort-Hotel-146.webp 1280w, https:\/\/shanghaihaichangoceanpark.com\/wp-content\/uploads\/2025\/11\/Shanghai-Haichang-Ocean-Park-Resort-Hotel-146-300x200.webp 300w, https:\/\/shanghaihaichangoceanpark.com\/wp-content\/uploads\/2025\/11\/Shanghai-Haichang-Ocean-Park-Resort-Hotel-146-1024x682.webp 1024w, https:\/\/shanghaihaichangoceanpark.com\/wp-content\/uploads\/2025\/11\/Shanghai-Haichang-Ocean-Park-Resort-Hotel-146-768x512.webp 768w, https:\/\/shanghaihaichangoceanpark.com\/wp-content\/uploads\/2025\/11\/Shanghai-Haichang-Ocean-Park-Resort-Hotel-146-18x12.webp 18w\" sizes=\"(max-width: 1280px) 100vw, 1280px\" \/>\t\t\t\t\t\t\t\t\t\t\t\t\t\t\t<\/div>\n\t\t\t\t\t<\/div>\n\t\t<\/div>\n\t\t\t\t\t<\/div>\n\t\t<\/section>\n\t\t\t\t<section class=\"elementor-section elementor-top-section elementor-element elementor-element-2092b7d0 elementor-section-stretched elementor-section-boxed elementor-section-gap-beside-yes elementor-section-height-default elementor-section-height-default elementor-section-column-vertical-align-stretch\" data-id=\"2092b7d0\" data-element_type=\"section\" data-e-type=\"section\" data-settings=\"{&quot;background_background&quot;:&quot;classic&quot;,&quot;stretch_section&quot;:&quot;section-stretched&quot;}\">\n\t\t\t\t\t\t<div class=\"elementor-container elementor-column-gap-extended\">\n\t\t\t\t\t<div class=\"elementor-column elementor-col-100 elementor-top-column elementor-element elementor-element-be69d75\" data-id=\"be69d75\" data-element_type=\"column\" data-e-type=\"column\">\n\t\t\t<div class=\"elementor-widget-wrap elementor-element-populated\">\n\t\t\t\t\t\t<div class=\"elementor-element elementor-element-320c022 elementor-widget elementor-widget-nuss-heading\" data-id=\"320c022\" data-element_type=\"widget\" data-e-type=\"widget\" data-widget_type=\"nuss-heading.default\">\n\t\t\t\t<div class=\"elementor-widget-container\">\n\t\t\t\t\t\t\t<div class=\"nuss-modern-heading\">\r\n\t\t\t\t\t\t<div class=\"heading-secondary-wrap\">\r\n\t\t\t\t<h3 class=\"heading-secondary elementor-heading-title\">Ch\u00e8que disponible <\/h3>\t\t\t<\/div>\r\n\t\t\r\n\t\t\t\r\n\t\t\t\r\n\t\t\t\t\t<\/div>\r\n\t\t\t\t\t<\/div>\n\t\t\t\t<\/div>\n\t\t\t\t<div class=\"elementor-element elementor-element-fe69a93 elementor-widget elementor-widget-text-editor\" data-id=\"fe69a93\" data-element_type=\"widget\" data-e-type=\"widget\" data-widget_type=\"text-editor.default\">\n\t\t\t\t\t\t\t\t\t<iframe border=\"0\" src=\"https:\/\/www.trip.com\/partners\/ad\/S7062134?Allianceid=4590391&#038;SID=276494835&#038;trip_sub1=\" style=\"width:1200px;height:150px\" frameborder=\"0\" scrolling=\"no\" id=\"S7062134\"><\/iframe>\t\t\t\t\t\t\t\t<\/div>\n\t\t\t\t\t<\/div>\n\t\t<\/div>\n\t\t\t\t\t<\/div>\n\t\t<\/section>\n\t\t\t\t<\/div>","protected":false},"excerpt":{"rendered":"<p>Dive Into Family Adventure at Shanghai Haichang Ocean Park Resort Hotel \u2013 Your Gateway to Underwater Magic Nestled just steps from the thrilling gates of Shanghai Haichang Ocean Park, the Shanghai Haichang Ocean Park Resort Hotel offers more than just a place to sleep\u2014it delivers an immersive, ocean-themed escape designed for families seeking unforgettable memories. [&hellip;]<\/p>\n","protected":false},"author":1,"featured_media":0,"parent":0,"menu_order":0,"comment_status":"closed","ping_status":"closed","template":"","meta":{"footnotes":""},"class_list":["post-5266","page","type-page","status-publish","hentry","post-no-thumbnail"],"_links":{"self":[{"href":"https:\/\/shanghaihaichangoceanpark.com\/fr\/wp-json\/wp\/v2\/pages\/5266","targetHints":{"allow":["GET"]}}],"collection":[{"href":"https:\/\/shanghaihaichangoceanpark.com\/fr\/wp-json\/wp\/v2\/pages"}],"about":[{"href":"https:\/\/shanghaihaichangoceanpark.com\/fr\/wp-json\/wp\/v2\/types\/page"}],"author":[{"embeddable":true,"href":"https:\/\/shanghaihaichangoceanpark.com\/fr\/wp-json\/wp\/v2\/users\/1"}],"replies":[{"embeddable":true,"href":"https:\/\/shanghaihaichangoceanpark.com\/fr\/wp-json\/wp\/v2\/comments?post=5266"}],"version-history":[{"count":0,"href":"https:\/\/shanghaihaichangoceanpark.com\/fr\/wp-json\/wp\/v2\/pages\/5266\/revisions"}],"wp:attachment":[{"href":"https:\/\/shanghaihaichangoceanpark.com\/fr\/wp-json\/wp\/v2\/media?parent=5266"}],"curies":[{"name":"wp","href":"https:\/\/api.w.org\/{rel}","templated":true}]}}