{"id":5266,"date":"2021-07-18T08:03:35","date_gmt":"2021-07-18T08:03:35","guid":{"rendered":"https:\/\/nuss.uxper.co\/luxury-resort\/?page_id=5266"},"modified":"2025-11-20T06:20:36","modified_gmt":"2025-11-20T06:20:36","slug":"chi-siamo","status":"publish","type":"page","link":"https:\/\/shanghaihaichangoceanpark.com\/it\/chi-siamo\/","title":{"rendered":"Chi siamo"},"content":{"rendered":"<div data-elementor-type=\"wp-page\" data-elementor-id=\"5266\" class=\"elementor elementor-5266\">\n\t\t\t\t\t\t<section class=\"elementor-section elementor-top-section elementor-element elementor-element-10416953 elementor-section-boxed elementor-section-gap-beside-yes elementor-section-height-default elementor-section-height-default elementor-section-column-vertical-align-stretch\" data-id=\"10416953\" data-element_type=\"section\" data-e-type=\"section\">\n\t\t\t\t\t\t<div class=\"elementor-container elementor-column-gap-extended\">\n\t\t\t\t\t<div class=\"elementor-column elementor-col-100 elementor-top-column elementor-element elementor-element-29c6aa8\" data-id=\"29c6aa8\" data-element_type=\"column\" data-e-type=\"column\">\n\t\t\t<div class=\"elementor-widget-wrap elementor-element-populated\">\n\t\t\t\t\t\t<div class=\"elementor-element elementor-element-7be18fe7 elementor-widget__width-initial elementor-invisible elementor-widget elementor-widget-text-editor\" data-id=\"7be18fe7\" data-element_type=\"widget\" data-e-type=\"widget\" data-settings=\"{&quot;_animation&quot;:&quot;nussFadeInUp&quot;}\" data-widget_type=\"text-editor.default\">\n\t\t\t\t\t\t\t\t\t<div class=\"svelte-1c06zsf\" data-lang-code=\"\"><p><strong data-spm-anchor-id=\"a2ty_o01.29997173.0.i35.42e3c921a4NjKe\">Immergiti nell&#039;avventura per famiglie allo Shanghai Haichang Ocean Park Resort Hotel: la tua porta d&#039;accesso alla magia sottomarina<\/strong><\/p><\/div>\t\t\t\t\t\t\t\t<\/div>\n\t\t\t\t\t<\/div>\n\t\t<\/div>\n\t\t\t\t\t<\/div>\n\t\t<\/section>\n\t\t\t\t<section class=\"elementor-section elementor-top-section elementor-element elementor-element-7d18327f elementor-section-boxed elementor-section-gap-beside-yes elementor-section-height-default elementor-section-height-default elementor-section-column-vertical-align-stretch\" data-id=\"7d18327f\" data-element_type=\"section\" data-e-type=\"section\">\n\t\t\t\t\t\t<div class=\"elementor-container elementor-column-gap-extended\">\n\t\t\t\t\t<div class=\"elementor-column elementor-col-50 elementor-top-column elementor-element elementor-element-56533670\" data-id=\"56533670\" data-element_type=\"column\" data-e-type=\"column\">\n\t\t\t<div class=\"elementor-widget-wrap elementor-element-populated\">\n\t\t\t\t\t\t<div class=\"elementor-element elementor-element-19c3f543 elementor-drop-cap-yes elementor-drop-cap-view-default elementor-invisible elementor-widget elementor-widget-text-editor\" data-id=\"19c3f543\" data-element_type=\"widget\" data-e-type=\"widget\" data-settings=\"{&quot;_animation&quot;:&quot;nussFadeInUp&quot;,&quot;drop_cap&quot;:&quot;yes&quot;}\" data-widget_type=\"text-editor.default\">\n\t\t\t\t\t\t\t\t\t<p>Situato a pochi passi dagli emozionanti cancelli dello Shanghai Haichang Ocean Park, il <strong>Shanghai Haichang Ocean Park Resort Hotel<\/strong> Offre pi\u00f9 di un semplice posto dove dormire: offre un&#039;esperienza immersiva a tema oceanico, pensata per le famiglie in cerca di ricordi indimenticabili. Situato al n. 777 di Qiqing Road, nella nuova area di Pudong, questo resort a 4 stelle \u00e8 in una posizione perfetta per gli ospiti che desiderano massimizzare la propria esperienza nel parco con comodit\u00e0 senza pari, sistemazioni divertenti e servizi pensati per viaggiatori di tutte le et\u00e0.<\/p>\t\t\t\t\t\t\t\t<\/div>\n\t\t\t\t\t<\/div>\n\t\t<\/div>\n\t\t\t\t<div class=\"elementor-column elementor-col-50 elementor-top-column elementor-element elementor-element-30f14127\" data-id=\"30f14127\" data-element_type=\"column\" data-e-type=\"column\">\n\t\t\t<div class=\"elementor-widget-wrap elementor-element-populated\">\n\t\t\t\t\t\t<div class=\"elementor-element elementor-element-59aea08 elementor-widget elementor-widget-image\" data-id=\"59aea08\" data-element_type=\"widget\" data-e-type=\"widget\" data-widget_type=\"image.default\">\n\t\t\t\t\t\t\t\t\t\t\t\t\t\t\t<img fetchpriority=\"high\" decoding=\"async\" width=\"800\" height=\"533\" src=\"https:\/\/shanghaihaichangoceanpark.com\/wp-content\/uploads\/2025\/11\/front.jpg\" class=\"attachment-large size-large wp-image-7197\" alt=\"\" srcset=\"https:\/\/shanghaihaichangoceanpark.com\/wp-content\/uploads\/2025\/11\/front.jpg 800w, https:\/\/shanghaihaichangoceanpark.com\/wp-content\/uploads\/2025\/11\/front-300x200.jpg 300w, https:\/\/shanghaihaichangoceanpark.com\/wp-content\/uploads\/2025\/11\/front-768x512.jpg 768w, https:\/\/shanghaihaichangoceanpark.com\/wp-content\/uploads\/2025\/11\/front-18x12.jpg 18w\" sizes=\"(max-width: 800px) 100vw, 800px\" \/>\t\t\t\t\t\t\t\t\t\t\t\t\t\t\t<\/div>\n\t\t\t\t\t<\/div>\n\t\t<\/div>\n\t\t\t\t\t<\/div>\n\t\t<\/section>\n\t\t\t\t<section class=\"elementor-section elementor-top-section elementor-element elementor-element-29fb8578 elementor-section-height-min-height elementor-section-stretched elementor-section-full_width elementor-section-items-stretch elementor-section-height-default elementor-section-column-vertical-align-stretch\" data-id=\"29fb8578\" data-element_type=\"section\" data-e-type=\"section\" data-settings=\"{&quot;stretch_section&quot;:&quot;section-stretched&quot;}\">\n\t\t\t\t\t\t<div class=\"elementor-container elementor-column-gap-no\">\n\t\t\t\t\t<div class=\"elementor-column elementor-col-50 elementor-top-column elementor-element elementor-element-40ac270b\" data-id=\"40ac270b\" data-element_type=\"column\" data-e-type=\"column\">\n\t\t\t<div class=\"elementor-widget-wrap elementor-element-populated\">\n\t\t\t\t\t\t<div class=\"elementor-element elementor-element-20872773 elementor-widget__width-initial elementor-widget-mobile__width-inherit elementor-invisible nuss-elementor-loading nuss-slide-in-right elementor-widget elementor-widget-image\" data-id=\"20872773\" data-element_type=\"widget\" data-e-type=\"widget\" data-settings=\"{&quot;_animation&quot;:&quot;nussSlideInRight&quot;}\" data-widget_type=\"image.default\">\n\t\t\t\t\t\t\t\t\t\t\t\t\t\t\t<img decoding=\"async\" width=\"1280\" height=\"800\" src=\"https:\/\/shanghaihaichangoceanpark.com\/wp-content\/uploads\/2025\/11\/Shanghai-Haichang-Ocean-Park-Resort-Hotel-141.webp\" class=\"attachment-full size-full wp-image-7356\" alt=\"\" srcset=\"https:\/\/shanghaihaichangoceanpark.com\/wp-content\/uploads\/2025\/11\/Shanghai-Haichang-Ocean-Park-Resort-Hotel-141.webp 1280w, https:\/\/shanghaihaichangoceanpark.com\/wp-content\/uploads\/2025\/11\/Shanghai-Haichang-Ocean-Park-Resort-Hotel-141-300x188.webp 300w, https:\/\/shanghaihaichangoceanpark.com\/wp-content\/uploads\/2025\/11\/Shanghai-Haichang-Ocean-Park-Resort-Hotel-141-1024x640.webp 1024w, https:\/\/shanghaihaichangoceanpark.com\/wp-content\/uploads\/2025\/11\/Shanghai-Haichang-Ocean-Park-Resort-Hotel-141-768x480.webp 768w, https:\/\/shanghaihaichangoceanpark.com\/wp-content\/uploads\/2025\/11\/Shanghai-Haichang-Ocean-Park-Resort-Hotel-141-18x12.webp 18w\" sizes=\"(max-width: 1280px) 100vw, 1280px\" \/>\t\t\t\t\t\t\t\t\t\t\t\t\t\t\t<\/div>\n\t\t\t\t\t<\/div>\n\t\t<\/div>\n\t\t\t\t<div class=\"elementor-column elementor-col-50 elementor-top-column elementor-element elementor-element-2dac103\" data-id=\"2dac103\" data-element_type=\"column\" data-e-type=\"column\">\n\t\t\t<div class=\"elementor-widget-wrap elementor-element-populated\">\n\t\t\t\t\t\t<div class=\"elementor-element elementor-element-6f1b8966 elementor-invisible elementor-widget elementor-widget-text-editor\" data-id=\"6f1b8966\" data-element_type=\"widget\" data-e-type=\"widget\" data-settings=\"{&quot;_animation&quot;:&quot;nussFadeInUp&quot;}\" data-widget_type=\"text-editor.default\">\n\t\t\t\t\t\t\t\t\t<p data-spm-anchor-id=\"a2ty_o01.29997173.0.i38.42e3c921a4NjKe\">Fin dal vostro arrivo, sentirete la magia. Il design vivace e ispirato al mare dell&#039;hotel crea l&#039;atmosfera per una vacanza piena di meraviglia: pensate alle suite a tema pinguino, ai motivi a sirena e ai letti a castello a forma di squalo che suscitano gioia nei bambini e nostalgia negli adulti. Con oltre 300 camere a tema unico, tra cui opzioni adatte alle famiglie come la &quot;Shark Baby Twin Room&quot; e la spaziosa &quot;Paradise Scenic Suite&quot;, ogni soggiorno \u00e8 pensato per deliziare. Le camere sono dotate di accappatoi per bambini, pantofole, spazzolini da denti, spondine di sicurezza per il letto (disponibili su richiesta) e persino sgabelli, garantendo comfort e sicurezza ai piccoli esploratori.<\/p><div class=\"my-2\">\u00a0<\/div><p data-spm-anchor-id=\"a2ty_o01.29997173.0.i39.42e3c921a4NjKe\">Oltre alle camere, l&#039;hotel si distingue per i suoi servizi pensati per le famiglie. Approfittate dell&#039;ingresso prioritario all&#039;adiacente parco oceanico tramite una corsia dedicata, risparmiando tempo prezioso e dedicando pi\u00f9 tempo alle montagne russe dei delfini o agli spettacolari spettacoli di orche. Iniziate la giornata con una ricca colazione a buffet al Polar Restaurant, che propone specialit\u00e0 cinesi e occidentali, oppure prendete un caff\u00e8 veloce prima di uscire. Avete bisogno di aiuto per pianificare il vostro itinerario nel parco? Il cordiale personale multilingue e il servizio concierge sono disponibili 24 ore su 24, 7 giorni su 7, per assistervi in ogni aspetto, dalla gestione dei bagagli alla prenotazione di un taxi.<\/p>\t\t\t\t\t\t\t\t<\/div>\n\t\t\t\t\t<\/div>\n\t\t<\/div>\n\t\t\t\t\t<\/div>\n\t\t<\/section>\n\t\t\t\t<section class=\"elementor-section elementor-top-section elementor-element elementor-element-d5c6aca elementor-section-height-min-height elementor-section-stretched elementor-section-full_width elementor-section-items-stretch elementor-section-height-default elementor-section-column-vertical-align-stretch\" data-id=\"d5c6aca\" data-element_type=\"section\" data-e-type=\"section\" data-settings=\"{&quot;stretch_section&quot;:&quot;section-stretched&quot;}\">\n\t\t\t\t\t\t<div class=\"elementor-container elementor-column-gap-no\">\n\t\t\t\t\t<div class=\"elementor-column elementor-col-50 elementor-top-column elementor-element elementor-element-44efbbd\" data-id=\"44efbbd\" data-element_type=\"column\" data-e-type=\"column\">\n\t\t\t<div class=\"elementor-widget-wrap elementor-element-populated\">\n\t\t\t\t\t\t<div class=\"elementor-element elementor-element-5bea819 elementor-invisible elementor-widget elementor-widget-text-editor\" data-id=\"5bea819\" data-element_type=\"widget\" data-e-type=\"widget\" data-settings=\"{&quot;_animation&quot;:&quot;nussFadeInUp&quot;}\" data-widget_type=\"text-editor.default\">\n\t\t\t\t\t\t\t\t\t<p data-spm-anchor-id=\"a2ty_o01.29997173.0.i40.42e3c921a4NjKe\">La comodit\u00e0 \u00e8 fondamentale: parcheggio gratuito in loco, facile accesso alla stazione della metropolitana di Lingang Avenue (a soli 1,3 km di distanza) e un breve tragitto in auto di 30 minuti dall&#039;aeroporto internazionale di Shanghai Pudong semplificano notevolmente gli spostamenti. Sebbene l&#039;hotel non offra trasferimenti aeroportuali, la sua posizione centrale vicino alle principali attrazioni, tra cui l&#039;Antarctic Penguin Encounter e il parco divertimenti Tongqu, lo rende ideale sia per chi visita per la prima volta che per chi torna.<\/p><div class=\"my-2\">\u00a0<\/div><p>Gli ospiti elogiano costantemente la pulizia dell&#039;hotel, il servizio attento e i servizi pensati per i bambini, come l&#039;area giochi e gli scivoli Ocean Ball. Molti sottolineano il valore dei pacchetti che includono biglietti per il parco e colazione, rendendolo una scelta intelligente per le famiglie attente al budget. Sebbene alcune recensioni segnalino piccole necessit\u00e0 di manutenzione, il sentimento prevalente \u00e8 quello di calore, divertimento e un&#039;ospitalit\u00e0 eccezionale.<\/p><div class=\"my-2\">\u00a0<\/div><p>Che stiate pianificando una fuga di fine settimana, un&#039;avventura di pi\u00f9 giorni al parco o semplicemente vogliate regalare alla vostra famiglia qualcosa di straordinario, lo Shanghai Haichang Ocean Park Resort Hotel trasforma un viaggio ordinario in un&#039;esperienza straordinaria. Prenotate oggi stesso la vostra fuga subacquea e lasciate che le onde del divertimento inizino proprio fuori dalla porta.<\/p>\t\t\t\t\t\t\t\t<\/div>\n\t\t\t\t\t<\/div>\n\t\t<\/div>\n\t\t\t\t<div class=\"elementor-column elementor-col-50 elementor-top-column elementor-element elementor-element-291f919\" data-id=\"291f919\" data-element_type=\"column\" data-e-type=\"column\">\n\t\t\t<div class=\"elementor-widget-wrap elementor-element-populated\">\n\t\t\t\t\t\t<div class=\"elementor-element elementor-element-b9196b5 elementor-widget__width-initial elementor-widget-mobile__width-inherit elementor-invisible nuss-elementor-loading nuss-slide-in-right elementor-widget elementor-widget-image\" data-id=\"b9196b5\" data-element_type=\"widget\" data-e-type=\"widget\" data-settings=\"{&quot;_animation&quot;:&quot;nussSlideInRight&quot;}\" data-widget_type=\"image.default\">\n\t\t\t\t\t\t\t\t\t\t\t\t\t\t\t<img decoding=\"async\" width=\"1280\" height=\"853\" src=\"https:\/\/shanghaihaichangoceanpark.com\/wp-content\/uploads\/2025\/11\/Shanghai-Haichang-Ocean-Park-Resort-Hotel-146.webp\" class=\"attachment-full size-full wp-image-7361\" alt=\"\" srcset=\"https:\/\/shanghaihaichangoceanpark.com\/wp-content\/uploads\/2025\/11\/Shanghai-Haichang-Ocean-Park-Resort-Hotel-146.webp 1280w, https:\/\/shanghaihaichangoceanpark.com\/wp-content\/uploads\/2025\/11\/Shanghai-Haichang-Ocean-Park-Resort-Hotel-146-300x200.webp 300w, https:\/\/shanghaihaichangoceanpark.com\/wp-content\/uploads\/2025\/11\/Shanghai-Haichang-Ocean-Park-Resort-Hotel-146-1024x682.webp 1024w, https:\/\/shanghaihaichangoceanpark.com\/wp-content\/uploads\/2025\/11\/Shanghai-Haichang-Ocean-Park-Resort-Hotel-146-768x512.webp 768w, https:\/\/shanghaihaichangoceanpark.com\/wp-content\/uploads\/2025\/11\/Shanghai-Haichang-Ocean-Park-Resort-Hotel-146-18x12.webp 18w\" sizes=\"(max-width: 1280px) 100vw, 1280px\" \/>\t\t\t\t\t\t\t\t\t\t\t\t\t\t\t<\/div>\n\t\t\t\t\t<\/div>\n\t\t<\/div>\n\t\t\t\t\t<\/div>\n\t\t<\/section>\n\t\t\t\t<section class=\"elementor-section elementor-top-section elementor-element elementor-element-2092b7d0 elementor-section-stretched elementor-section-boxed elementor-section-gap-beside-yes elementor-section-height-default elementor-section-height-default elementor-section-column-vertical-align-stretch\" data-id=\"2092b7d0\" data-element_type=\"section\" data-e-type=\"section\" data-settings=\"{&quot;background_background&quot;:&quot;classic&quot;,&quot;stretch_section&quot;:&quot;section-stretched&quot;}\">\n\t\t\t\t\t\t<div class=\"elementor-container elementor-column-gap-extended\">\n\t\t\t\t\t<div class=\"elementor-column elementor-col-100 elementor-top-column elementor-element elementor-element-be69d75\" data-id=\"be69d75\" data-element_type=\"column\" data-e-type=\"column\">\n\t\t\t<div class=\"elementor-widget-wrap elementor-element-populated\">\n\t\t\t\t\t\t<div class=\"elementor-element elementor-element-320c022 elementor-widget elementor-widget-nuss-heading\" data-id=\"320c022\" data-element_type=\"widget\" data-e-type=\"widget\" data-widget_type=\"nuss-heading.default\">\n\t\t\t\t<div class=\"elementor-widget-container\">\n\t\t\t\t\t\t\t<div class=\"nuss-modern-heading\">\r\n\t\t\t\t\t\t<div class=\"heading-secondary-wrap\">\r\n\t\t\t\t<h3 class=\"heading-secondary elementor-heading-title\">Controlla disponibile <\/h3>\t\t\t<\/div>\r\n\t\t\r\n\t\t\t\r\n\t\t\t\r\n\t\t\t\t\t<\/div>\r\n\t\t\t\t\t<\/div>\n\t\t\t\t<\/div>\n\t\t\t\t<div class=\"elementor-element elementor-element-fe69a93 elementor-widget elementor-widget-text-editor\" data-id=\"fe69a93\" data-element_type=\"widget\" data-e-type=\"widget\" data-widget_type=\"text-editor.default\">\n\t\t\t\t\t\t\t\t\t<iframe border=\"0\" src=\"https:\/\/www.trip.com\/partners\/ad\/S7062134?Allianceid=4590391&#038;SID=276494835&#038;trip_sub1=\" style=\"width:1200px;height:150px\" frameborder=\"0\" scrolling=\"no\" id=\"S7062134\"><\/iframe>\t\t\t\t\t\t\t\t<\/div>\n\t\t\t\t\t<\/div>\n\t\t<\/div>\n\t\t\t\t\t<\/div>\n\t\t<\/section>\n\t\t\t\t<\/div>","protected":false},"excerpt":{"rendered":"<p>Dive Into Family Adventure at Shanghai Haichang Ocean Park Resort Hotel \u2013 Your Gateway to Underwater Magic Nestled just steps from the thrilling gates of Shanghai Haichang Ocean Park, the Shanghai Haichang Ocean Park Resort Hotel offers more than just a place to sleep\u2014it delivers an immersive, ocean-themed escape designed for families seeking unforgettable memories. [&hellip;]<\/p>\n","protected":false},"author":1,"featured_media":0,"parent":0,"menu_order":0,"comment_status":"closed","ping_status":"closed","template":"","meta":{"footnotes":""},"class_list":["post-5266","page","type-page","status-publish","hentry","post-no-thumbnail"],"_links":{"self":[{"href":"https:\/\/shanghaihaichangoceanpark.com\/it\/wp-json\/wp\/v2\/pages\/5266","targetHints":{"allow":["GET"]}}],"collection":[{"href":"https:\/\/shanghaihaichangoceanpark.com\/it\/wp-json\/wp\/v2\/pages"}],"about":[{"href":"https:\/\/shanghaihaichangoceanpark.com\/it\/wp-json\/wp\/v2\/types\/page"}],"author":[{"embeddable":true,"href":"https:\/\/shanghaihaichangoceanpark.com\/it\/wp-json\/wp\/v2\/users\/1"}],"replies":[{"embeddable":true,"href":"https:\/\/shanghaihaichangoceanpark.com\/it\/wp-json\/wp\/v2\/comments?post=5266"}],"version-history":[{"count":0,"href":"https:\/\/shanghaihaichangoceanpark.com\/it\/wp-json\/wp\/v2\/pages\/5266\/revisions"}],"wp:attachment":[{"href":"https:\/\/shanghaihaichangoceanpark.com\/it\/wp-json\/wp\/v2\/media?parent=5266"}],"curies":[{"name":"parola chiave","href":"https:\/\/api.w.org\/{rel}","templated":true}]}}