{"id":612,"date":"2021-03-26T10:04:13","date_gmt":"2021-03-26T10:04:13","guid":{"rendered":"http:\/\/localhost\/nuss\/?page_id=612"},"modified":"2025-11-20T07:10:02","modified_gmt":"2025-11-20T07:10:02","slug":"ristorante","status":"publish","type":"page","link":"https:\/\/shanghaihaichangoceanpark.com\/it\/ristorante\/","title":{"rendered":"Ristorante"},"content":{"rendered":"<div data-elementor-type=\"wp-page\" data-elementor-id=\"612\" class=\"elementor elementor-612\">\n\t\t\t\t\t\t<section class=\"elementor-section elementor-top-section elementor-element elementor-element-e2effe8 elementor-section-boxed elementor-section-gap-beside-yes elementor-section-height-default elementor-section-height-default elementor-section-column-vertical-align-stretch\" data-id=\"e2effe8\" data-element_type=\"section\" data-e-type=\"section\">\n\t\t\t\t\t\t<div class=\"elementor-container elementor-column-gap-extended\">\n\t\t\t\t\t<div class=\"elementor-column elementor-col-100 elementor-top-column elementor-element elementor-element-e18f688\" data-id=\"e18f688\" data-element_type=\"column\" data-e-type=\"column\">\n\t\t\t<div class=\"elementor-widget-wrap elementor-element-populated\">\n\t\t\t\t\t\t<div class=\"elementor-element elementor-element-6db146d elementor-widget__width-initial elementor-invisible elementor-widget elementor-widget-text-editor\" data-id=\"6db146d\" data-element_type=\"widget\" data-e-type=\"widget\" data-settings=\"{&quot;_animation&quot;:&quot;nussFadeInUp&quot;}\" data-widget_type=\"text-editor.default\">\n\t\t\t\t\t\t\t\t\t<div class=\"svelte-1c06zsf\" data-lang-code=\"\"><p><strong data-spm-anchor-id=\"a2ty_o01.29997173.0.i76.42e3c921a4NjKe\">Immergiti nel delizioso: il ristorante Polar dello Shanghai Haichang Ocean Park Resort Hotel, dove ogni pasto \u00e8 come un&#039;avventura subacquea<\/strong><\/p><\/div>\t\t\t\t\t\t\t\t<\/div>\n\t\t\t\t\t<\/div>\n\t\t<\/div>\n\t\t\t\t\t<\/div>\n\t\t<\/section>\n\t\t<div class=\"elementor-element elementor-element-764955e e-flex e-con-boxed e-con e-parent\" data-id=\"764955e\" data-element_type=\"container\" data-e-type=\"container\">\n\t\t\t\t\t<div class=\"e-con-inner\">\n\t\t<div class=\"elementor-element elementor-element-3a71d84 e-con-full e-flex e-con e-child\" data-id=\"3a71d84\" data-element_type=\"container\" data-e-type=\"container\">\n\t\t\t\t<div class=\"elementor-element elementor-element-81a00fb elementor-widget elementor-widget-text-editor\" data-id=\"81a00fb\" data-element_type=\"widget\" data-e-type=\"widget\" data-widget_type=\"text-editor.default\">\n\t\t\t\t\t\t\t\t\t<p data-spm-anchor-id=\"a2ty_o01.29997173.0.i78.42e3c921a4NjKe\">Benvenuti a <strong>Il ristorante polare<\/strong> \u2014 il cuore della magia culinaria al <strong>Shanghai Haichang Ocean Park Resort Hotel<\/strong>, situato proprio al numero 777 di Qiqing Road, nella nuova area di Pudong. Non \u00e8 solo un posto dove mangiare; \u00e8 dove la colazione diventa un rituale pre-spettacolo, il pranzo si trasforma in un picnic in riva al mare e la cena sembra di cenare sotto le stelle... o meglio, sotto le onde.<\/p><div class=\"my-2\">\u00a0<\/div><p data-spm-anchor-id=\"a2ty_o01.29997173.0.i77.42e3c921a4NjKe\">Progettato con lo stesso fascino stravagante e ispirato all&#039;oceano che caratterizza l&#039;intero resort, il Polar Restaurant trasforma l&#039;ora del pasto in un&#039;esperienza immersiva, perfetto per famiglie, amanti del brivido e chiunque creda che il cibo debba essere tanto divertente quanto saporito. Che vi stiate rifocillando prima della vostra prima corsa sulle montagne russe Dolphin o che vi stiate rilassando dopo una giornata di incontri con i pinguini, questo vivace spazio ristoro assicura che ogni boccone sia parte dell&#039;avventura.<\/p>\t\t\t\t\t\t\t\t<\/div>\n\t\t\t\t<\/div>\n\t\t<div class=\"elementor-element elementor-element-bb76a06 e-con-full e-flex e-con e-child\" data-id=\"bb76a06\" data-element_type=\"container\" data-e-type=\"container\">\n\t\t\t\t<div class=\"elementor-element elementor-element-636ac5f elementor-widget elementor-widget-image\" data-id=\"636ac5f\" data-element_type=\"widget\" data-e-type=\"widget\" data-widget_type=\"image.default\">\n\t\t\t\t\t\t\t\t\t\t\t\t\t\t\t<img fetchpriority=\"high\" decoding=\"async\" width=\"1024\" height=\"682\" src=\"https:\/\/shanghaihaichangoceanpark.com\/wp-content\/uploads\/2025\/11\/Shanghai-Haichang-Ocean-Park-Resort-Hotel-55-1024x682.webp\" class=\"attachment-large size-large wp-image-7270\" alt=\"\" srcset=\"https:\/\/shanghaihaichangoceanpark.com\/wp-content\/uploads\/2025\/11\/Shanghai-Haichang-Ocean-Park-Resort-Hotel-55-1024x682.webp 1024w, https:\/\/shanghaihaichangoceanpark.com\/wp-content\/uploads\/2025\/11\/Shanghai-Haichang-Ocean-Park-Resort-Hotel-55-300x200.webp 300w, https:\/\/shanghaihaichangoceanpark.com\/wp-content\/uploads\/2025\/11\/Shanghai-Haichang-Ocean-Park-Resort-Hotel-55-768x512.webp 768w, https:\/\/shanghaihaichangoceanpark.com\/wp-content\/uploads\/2025\/11\/Shanghai-Haichang-Ocean-Park-Resort-Hotel-55-18x12.webp 18w, https:\/\/shanghaihaichangoceanpark.com\/wp-content\/uploads\/2025\/11\/Shanghai-Haichang-Ocean-Park-Resort-Hotel-55.webp 1280w\" sizes=\"(max-width: 1024px) 100vw, 1024px\" \/>\t\t\t\t\t\t\t\t\t\t\t\t\t\t\t<\/div>\n\t\t\t\t<\/div>\n\t\t\t\t\t<\/div>\n\t\t\t\t<\/div>\n\t\t<div class=\"elementor-element elementor-element-d05381b e-flex e-con-boxed e-con e-parent\" data-id=\"d05381b\" data-element_type=\"container\" data-e-type=\"container\">\n\t\t\t\t\t<div class=\"e-con-inner\">\n\t\t\t\t<div class=\"elementor-element elementor-element-53bd849 elementor-widget elementor-widget-text-editor\" data-id=\"53bd849\" data-element_type=\"widget\" data-e-type=\"widget\" data-widget_type=\"text-editor.default\">\n\t\t\t\t\t\t\t\t\t<h3 data-spm-anchor-id=\"a2ty_o01.29997173.0.i81.42e3c921a4NjKe\">\ud83d\udc27 Un buffet ricco di delizie a tema oceano<\/h3><p>Servito tutti i giorni dalle <strong data-spm-anchor-id=\"a2ty_o01.29997173.0.i80.42e3c921a4NjKe\">dalle 7:00 alle 10:00<\/strong>, Nostro <strong>colazione a buffet<\/strong> Offre una generosa scelta di piatti che soddisfa sia i palati pi\u00f9 avventurosi che quelli pi\u00f9 esigenti. Immaginate soffici pancake a forma di creature marine, fumanti ciotole di congee, saporiti dim sum, vassoi di frutta fresca, pancetta croccante, uova strapazzate e pasticcini caldi, il tutto presentato in un allegro ambiente acquatico.<\/p><p>Ma non ci siamo fermati alla variet\u00e0. Ci siamo assicurati che anche i bambini si sentissero a casa, con <strong>tavoli bassi<\/strong>, <strong>posti a sedere colorati<\/strong>, e anche <strong>posate per bambini<\/strong>. I genitori possono rilassarsi sapendo che i loro piccoli esploratori stanno sgranocchiando allegramente i loro piatti preferiti mentre sorseggiano un caff\u00e8 o si godono un momento di tranquillit\u00e0 prima di tornare alla conquista del parco.<\/p><blockquote><p>\u201c&quot;La colazione \u00e8 stata un successo! Il mio bambino ha adorato la postazione dedicata ai pancake, e io ho apprezzato molto i noodles caldi e il caff\u00e8 forte. Non \u00e8 gourmet, ma \u00e8 perfettamente a tema e super comodo.&quot; \u2014 M861842****, recensione di Trip.com<\/p><\/blockquote><div class=\"my-2\">\u00a0<\/div><div class=\"py-2 my-3\"><hr \/><\/div><div class=\"my-2\">\u00a0<\/div><h3>\ud83c\udf7d\ufe0f Oltre la colazione: snack, sorsi e servizio per famiglie<\/h3><p>Sebbene la colazione sia l&#039;attrazione principale, il Polar Restaurant \u00e8 anche il punto di riferimento per spuntini veloci durante tutto il giorno. Hai bisogno di uno spuntino a met\u00e0 mattina? Prendi un pasticcino o un succo di frutta al bancone del bar. Hai voglia di qualcosa di dolce dopo lo spettacolo delle orche? Concedetevi un gelato o dei biscotti vicino al bar della hall. E se preferisci cenare in tutta comodit\u00e0, <strong>servizio in camera<\/strong> \u00e8 disponibile per quei momenti di relax dopo una giornata al parco.<\/p><p>I nostri chef mescolano <strong>autentica cucina cinese<\/strong> con il gradimento della folla <strong>Classici occidentali<\/strong>, garantendo che ci sia qualcosa per tutti, che abbiate voglia di ravioli, frittate, toast o porridge. Sono incluse anche opzioni vegetariane, rendendo facile soddisfare diverse esigenze alimentari senza rinunciare al sapore.<\/p><div class=\"my-2\">\u00a0<\/div><div class=\"py-2 my-3\"><hr \/><\/div><div class=\"my-2\">\u00a0<\/div><h3>\ud83c\udf0a Progettato per la scoperta, non solo per cenare<\/h3><p>Varcate l&#039;ingresso e vi sembrer\u00e0 di essere entrati in un tesoro sommerso. Murales raffiguranti pinguini giocosi, barriere coralline scintillanti e balene gentili scivolano sulle pareti. I tavoli sono disposti in modo da favorire la conversazione, mentre la luce naturale inonda le ampie finestre che si affacciano sul cortile dell&#039;hotel, perfette per osservare la gente o scattare foto del vostro equipaggio mentre gusta i pasti.<\/p><p>Per i genitori, i tocchi premurosi fanno la differenza: seggioloni, sgabelli, piatti adatti ai bambini e persino <strong>accappatoi e pantofole per bambini<\/strong> (disponibili su richiesta) significa che nessuno dovr\u00e0 perdersi il divertimento, nemmeno durante i pasti.<\/p><div class=\"my-2\">\u00a0<\/div><div class=\"py-2 my-3\"><hr \/><\/div><div class=\"my-2\">\u00a0<\/div><h3>\ud83d\udca1 Consigli intelligenti per il tuo soggiorno<\/h3><p>\u2705 <strong>Prenota in anticipo i pacchetti<\/strong>: Molti ospiti scelgono pacchetti combinati che includono <strong>biglietti per il parco + colazione<\/strong>, offrendo un ottimo rapporto qualit\u00e0-prezzo ed eliminando le decisioni dell&#039;ultimo minuto.<\/p><p>\u2705 <strong>Arrivare presto<\/strong>: Durante l&#039;alta stagione (fine settimana, festivit\u00e0), il ristorante pu\u00f2 essere affollato. Arrivando verso le 7:00 avrete la possibilit\u00e0 di scegliere per primi i posti e i piatti.<\/p><p>\u2705 <strong>Chiedi informazioni sulle offerte speciali<\/strong>: Sebbene il menu ruoti leggermente in base alla stagionalit\u00e0, il personale ha spesso suggerimenti privilegiati su quali siano gli articoli pi\u00f9 freschi o pi\u00f9 apprezzati dalle famiglie.<\/p><p>\u2705 <strong>Non dimenticare gli extra<\/strong>: Chiedete informazioni sulle ricariche d&#039;acqua gratuite, sui tovaglioli extra o anche su un piccolo dessert a sorpresa per le feste di compleanno: molti recensori sottolineano quanto il team sia accomodante quando gli viene chiesto gentilmente.<\/p><div class=\"py-2 my-3\">\u00a0<\/div><div class=\"my-2\">\u00a0<\/div><div class=\"py-2 my-3\"><hr \/><\/div><div class=\"my-2\">\u00a0<\/div><h3>\u2764\ufe0f Il vero amore degli ospiti: perch\u00e9 le famiglie continuano a tornare<\/h3><p>Gli ospiti elogiano costantemente il Polar Restaurant per il suo <strong>atmosfera familiare<\/strong>, <strong>variet\u00e0 di scelte<\/strong>, E <strong>posizione comoda<\/strong> \u2014 a pochi passi dalla vostra camera e dall&#039;ingresso del parco. Un recensore ha condiviso:<\/p><blockquote><p>\u201c&quot;Il buffet della colazione aveva tutto ci\u00f2 di cui avevamo bisogno: la mia bambina di 5 anni non riusciva a decidere tra pancake e noodles, quindi li ha provati entrambi! Il personale era gentile e i tavoli bassi le permettevano di raggiungere il piatto da sola. Un vantaggio enorme!&quot;\u201d<\/p><\/blockquote><p>Un altro ha osservato:<\/p><blockquote><p>\u201c&quot;Non \u00e8 stellato Michelin, ma \u00e8 perfetto per le nostre esigenze: veloce, gustoso e senza stress. Dopo un&#039;intera giornata di spettacoli e giostre, tornare a gustare un pasto caldo \u00e8 stata una vera ricompensa.&quot;\u201d<\/p><\/blockquote><div class=\"my-2\">\u00a0<\/div><div class=\"py-2 my-3\"><hr \/><\/div><div class=\"my-2\">\u00a0<\/div><h3>\ud83c\udfaf Perfetto per:<\/h3><p>\u2714\ufe0f Famiglie con bambini piccoli che cercano pasti senza problemi<br \/>\u2714\ufe0f Ospiti che desiderano massimizzare il tempo a disposizione nel parco con accesso rapido<br \/>\u2714\ufe0f Viaggiatori che cercano un mix di sapori locali e comfort food internazionale<br \/>\u2714\ufe0f Chiunque desideri che la propria esperienza culinaria sia in linea con il tema magico del proprio soggiorno<\/p><div class=\"my-2\">\u00a0<\/div><div class=\"py-2 my-3\"><hr \/><\/div><div class=\"my-2\">\u00a0<\/div><p>Che tu stia sorseggiando un caff\u00e8 mentre il sole sorge sul parco o condividendo storie con dei waffle dopo un&#039;emozionante giornata di avventure marine, <strong>Il ristorante polare<\/strong> garantisce che il tuo viaggio culinario sia memorabile tanto quanto la tua visita allo Shanghai Haichang Ocean Park.<\/p><div class=\"my-2\">\u00a0<\/div><p data-spm-anchor-id=\"a2ty_o01.29997173.0.i82.42e3c921a4NjKe\">Arriva affamato. Parti felice. E che la festa sottomarina abbia inizio. \ud83d\udc20\ud83c\udf74<\/p>\t\t\t\t\t\t\t\t<\/div>\n\t\t\t\t\t<\/div>\n\t\t\t\t<\/div>\n\t\t\t\t<section class=\"elementor-section elementor-top-section elementor-element elementor-element-689ddf86 elementor-section-stretched elementor-section-boxed elementor-section-gap-beside-yes elementor-section-height-default elementor-section-height-default elementor-section-column-vertical-align-stretch\" data-id=\"689ddf86\" data-element_type=\"section\" data-e-type=\"section\" data-settings=\"{&quot;background_background&quot;:&quot;classic&quot;,&quot;stretch_section&quot;:&quot;section-stretched&quot;}\">\n\t\t\t\t\t\t<div class=\"elementor-container elementor-column-gap-extended\">\n\t\t\t\t\t<div class=\"elementor-column elementor-col-100 elementor-top-column elementor-element elementor-element-234b8474\" data-id=\"234b8474\" data-element_type=\"column\" data-e-type=\"column\">\n\t\t\t<div class=\"elementor-widget-wrap elementor-element-populated\">\n\t\t\t\t\t\t<div class=\"elementor-element elementor-element-171754f7 elementor-widget elementor-widget-nuss-heading\" data-id=\"171754f7\" data-element_type=\"widget\" data-e-type=\"widget\" data-widget_type=\"nuss-heading.default\">\n\t\t\t\t<div class=\"elementor-widget-container\">\n\t\t\t\t\t\t\t<div class=\"nuss-modern-heading\">\r\n\t\t\t\t\t\t<div class=\"heading-secondary-wrap\">\r\n\t\t\t\t<h3 class=\"heading-secondary elementor-heading-title\">Controlla disponibile <\/h3>\t\t\t<\/div>\r\n\t\t\r\n\t\t\t\r\n\t\t\t\r\n\t\t\t\t\t<\/div>\r\n\t\t\t\t\t<\/div>\n\t\t\t\t<\/div>\n\t\t\t\t<div class=\"elementor-element elementor-element-3c68956e elementor-widget elementor-widget-text-editor\" data-id=\"3c68956e\" data-element_type=\"widget\" data-e-type=\"widget\" data-widget_type=\"text-editor.default\">\n\t\t\t\t\t\t\t\t\t<iframe border=\"0\" src=\"https:\/\/www.trip.com\/partners\/ad\/S5683218?Allianceid=4590391&#038;SID=263693760&#038;trip_sub1=\" style=\"width:1200px;height:200px\" frameborder=\"0\" scrolling=\"no\" id=\"S5683218\"><\/iframe>\t\t\t\t\t\t\t\t<\/div>\n\t\t\t\t\t<\/div>\n\t\t<\/div>\n\t\t\t\t\t<\/div>\n\t\t<\/section>\n\t\t\t\t<\/div>","protected":false},"excerpt":{"rendered":"<p>Dive Into Delicious: The Polar Restaurant at Shanghai Haichang Ocean Park Resort Hotel \u2014 Where Every Meal Feels Like an Underwater Adventure Welcome to The Polar Restaurant \u2014 the heart of culinary magic at the Shanghai Haichang Ocean Park Resort Hotel, nestled right at No. 777 Qiqing Road in Pudong New Area. This isn\u2019t just [&hellip;]<\/p>\n","protected":false},"author":1,"featured_media":0,"parent":0,"menu_order":0,"comment_status":"closed","ping_status":"closed","template":"","meta":{"footnotes":""},"class_list":["post-612","page","type-page","status-publish","hentry","post-no-thumbnail"],"_links":{"self":[{"href":"https:\/\/shanghaihaichangoceanpark.com\/it\/wp-json\/wp\/v2\/pages\/612","targetHints":{"allow":["GET"]}}],"collection":[{"href":"https:\/\/shanghaihaichangoceanpark.com\/it\/wp-json\/wp\/v2\/pages"}],"about":[{"href":"https:\/\/shanghaihaichangoceanpark.com\/it\/wp-json\/wp\/v2\/types\/page"}],"author":[{"embeddable":true,"href":"https:\/\/shanghaihaichangoceanpark.com\/it\/wp-json\/wp\/v2\/users\/1"}],"replies":[{"embeddable":true,"href":"https:\/\/shanghaihaichangoceanpark.com\/it\/wp-json\/wp\/v2\/comments?post=612"}],"version-history":[{"count":0,"href":"https:\/\/shanghaihaichangoceanpark.com\/it\/wp-json\/wp\/v2\/pages\/612\/revisions"}],"wp:attachment":[{"href":"https:\/\/shanghaihaichangoceanpark.com\/it\/wp-json\/wp\/v2\/media?parent=612"}],"curies":[{"name":"parola chiave","href":"https:\/\/api.w.org\/{rel}","templated":true}]}}